{"id":11883,"date":"2021-06-10T17:17:19","date_gmt":"2021-06-10T15:17:19","guid":{"rendered":"https:\/\/www.jscoaching.eu\/?page_id=11883"},"modified":"2021-12-22T12:51:36","modified_gmt":"2021-12-22T11:51:36","slug":"testimonials","status":"publish","type":"page","link":"https:\/\/www.jscoaching.eu\/en\/testimonials\/","title":{"rendered":"TESTIMONIALS"},"content":{"rendered":"<p>[vc_row dfd_row_responsive_enable=&#8221;dfd-row-responsive-enable&#8221; responsive_styles=&#8221;margin_left_mobile:10|margin_right_mobile:10|border_left_mobile:10|border_right_mobile:10|padding_left_mobile:10|padding_right_mobile:10&#8243;][vc_column][dfd_spacer screen_wide_spacer_size=&#8221;50&#8243; screen_normal_resolution=&#8221;1024&#8243; screen_tablet_resolution=&#8221;800&#8243; screen_mobile_resolution=&#8221;480&#8243; screen_normal_spacer_size=&#8221;50&#8243; screen_tablet_spacer_size=&#8221;30&#8243; screen_mobile_spacer_size=&#8221;20&#8243;][dfd_new_testimonials main_layout=&#8221;layout-15&#8243; module_animation=&#8221;transition.slideRightBigIn&#8221; author=&#8221;Elke (57)&#8221; subtitle=&#8221;Berlin (GERMANY)&#8221; description=&#8221;\u00ab There are phases in life when you more or less lose touch with yourself because many things come to challenge you at once. It is good to remain attentive and open then. I had this experience again and at this point I contacted Julien. I immediately had a good feeling to be accompanied by him. His professional, empathetic and reserved as well as friendly manner immediately gave me confidence. We found a good way in pandemic times to meet partly in person and partly online, which worked very well. He always brought me back to the starting point of our agreed process, stayed on the topics very consistently and with a lot of empathy and always picked me up on the point with his very pleasant, calm manner. Thanks to his professionalism, after only a few appointments I was able to recognise for myself what I needed in my current life situation. I am very grateful to him for that. I have learnt a lot and I am aware that I also need refresher sessions every now and then, it is as important for me as the prophylactics with doctors. I can definitely recommend Julien &#8211; on the way to self-discovery he is an excellent steersman. \u00bb&#8221; title_font_options=&#8221;tag:h3|color:%23495269&#8243; subtitle_font_options=&#8221;tag:div|color:%23595959&#8243; thumb_color=&#8221;#b9d4da&#8221; bg_block_color=&#8221;#b9d4da&#8221; thumb_size=&#8221;0&#8243; content_font_options=&#8221;color:%23595959&#8243; use_google_fonts_testimonial=&#8221;show&#8221; custom_fonts_testimonial=&#8221;font_family:Raleway%3A100%2C200%2C300%2Cregular%2C500%2C600%2C700%2C800%2C900&#8243; title_responsive=&#8221;line_height_mobile:25&#8243; tutorials=&#8221;&#8221;][dfd_spacer screen_wide_spacer_size=&#8221;50&#8243; screen_normal_resolution=&#8221;1024&#8243; screen_tablet_resolution=&#8221;800&#8243; screen_mobile_resolution=&#8221;480&#8243; screen_normal_spacer_size=&#8221;50&#8243; screen_tablet_spacer_size=&#8221;30&#8243; screen_mobile_spacer_size=&#8221;20&#8243;][dfd_new_testimonials main_layout=&#8221;layout-16&#8243; module_animation=&#8221;transition.slideLeftBigIn&#8221; author=&#8221;Lisa (39)&#8221; subtitle=&#8221;Berlin, GERMANY&#8221; description=&#8221;\u00ab When you&#8217;re at a point in life where you have to make a decision and you&#8217;re just not sure where you belong, where you want to go in the long run and who you actually are yourself, you often hear that coaching would be just the thing. But does the coach really know what makes me tick and what I need personally? I got to know Julien personally and immediately had a good feeling. In times when Corona forced us to lockdown, a major part of our coaching process had to take place online. After just 2-3 sessions, I felt Julien knew exactly who I was and unobtrusively guided me in the direction I needed. Completely on my own, yet with a lot of empathy and understanding from Julien, I reached the answer to my questions. Being able to identify what you need yourself without someone putting it in your mouth is so crucial. Julien guided me through this very professionally and well. I thank him very much for this holistic collaboration and the development I was able to experience. \u00bb&#8221; title_font_options=&#8221;tag:h3|color:%23495269&#8243; subtitle_font_options=&#8221;tag:div|color:%23595959&#8243; thumb_color=&#8221;#ededed&#8221; bg_block_color=&#8221;#ededed&#8221; thumb_size=&#8221;0&#8243; content_font_options=&#8221;color:%23595959&#8243; use_google_fonts_testimonial=&#8221;show&#8221; custom_fonts_testimonial=&#8221;font_family:Raleway%3A100%2C200%2C300%2Cregular%2C500%2C600%2C700%2C800%2C900&#8243; title_responsive=&#8221;line_height_mobile:25&#8243;][dfd_spacer screen_wide_spacer_size=&#8221;50&#8243; screen_normal_resolution=&#8221;1024&#8243; screen_tablet_resolution=&#8221;800&#8243; screen_mobile_resolution=&#8221;480&#8243; screen_normal_spacer_size=&#8221;50&#8243; screen_tablet_spacer_size=&#8221;30&#8243; screen_mobile_spacer_size=&#8221;20&#8243;][dfd_new_testimonials main_layout=&#8221;layout-15&#8243; module_animation=&#8221;transition.slideRightBigIn&#8221; author=&#8221;Nadine&#8221; subtitle=&#8221;Berlin (GERMANY)&#8221; description=&#8221;\u00ab Das Coaching mit Julien ist f\u00fcr mich im Hinblick auf meine berufliche und pers\u00f6nliche Entwicklung sehr wertvoll. In unserer Zusammenarbeit konnte ich viele M\u00f6glichkeiten und Potentiale f\u00fcr meinen pers\u00f6nlichen Werdegang erarbeiten und mit ihm gemeinsam in mein Leben einbauen. Herzlichen Dank daf\u00fcr. \u00bb&#8221; title_font_options=&#8221;tag:h3|color:%23495269&#8243; subtitle_font_options=&#8221;tag:div|color:%23595959&#8243; thumb_color=&#8221;#b9d4da&#8221; bg_block_color=&#8221;#b9d4da&#8221; thumb_size=&#8221;0&#8243; content_font_options=&#8221;color:%23595959&#8243; use_google_fonts_testimonial=&#8221;show&#8221; custom_fonts_testimonial=&#8221;font_family:Raleway%3A100%2C200%2C300%2Cregular%2C500%2C600%2C700%2C800%2C900&#8243; title_responsive=&#8221;line_height_mobile:25&#8243;][\/vc_column][\/vc_row]<\/p>\n","protected":false},"excerpt":{"rendered":"<p>[vc_row dfd_row_responsive_enable=&#8221;dfd-row-responsive-enable&#8221; responsive_styles=&#8221;margin_left_mobile:10|margin_right_mobile:10|border_left_mobile:10|border_right_mobile:10|padding_left_mobile:10|padding_right_mobile:10&#8243;][vc_column][dfd_spacer screen_wide_spacer_size=&#8221;50&#8243; screen_normal_resolution=&#8221;1024&#8243; screen_tablet_resolution=&#8221;800&#8243; screen_mobile_resolution=&#8221;480&#8243; screen_normal_spacer_size=&#8221;50&#8243; screen_tablet_spacer_size=&#8221;30&#8243; screen_mobile_spacer_size=&#8221;20&#8243;][dfd_new_testimonials main_layout=&#8221;layout-15&#8243; module_animation=&#8221;transition.slideRightBigIn&#8221; author=&#8221;Elke (57)&#8221; subtitle=&#8221;Berlin (GERMANY)&#8221; description=&#8221;\u00ab There are phases in life when you more or less lose touch with<\/p>\n","protected":false},"author":1,"featured_media":0,"parent":0,"menu_order":12,"comment_status":"closed","ping_status":"closed","template":"","meta":[],"yoast_head":"<!-- This site is optimized with the Yoast SEO plugin v16.6.1 - https:\/\/yoast.com\/wordpress\/plugins\/seo\/ -->\n<title>TESTIMONIALS - Julien Saun\u00e9 Coaching<\/title>\n<meta name=\"robots\" content=\"index, follow, max-snippet:-1, max-image-preview:large, max-video-preview:-1\" \/>\n<link rel=\"canonical\" href=\"https:\/\/www.jscoaching.eu\/en\/testimonials\/\" \/>\n<meta property=\"og:locale\" content=\"en_US\" \/>\n<meta property=\"og:type\" content=\"article\" \/>\n<meta property=\"og:title\" content=\"TESTIMONIALS - Julien Saun\u00e9 Coaching\" \/>\n<meta property=\"og:description\" content=\"[vc_row dfd_row_responsive_enable=&#8221;dfd-row-responsive-enable&#8221; responsive_styles=&#8221;margin_left_mobile:10|margin_right_mobile:10|border_left_mobile:10|border_right_mobile:10|padding_left_mobile:10|padding_right_mobile:10&#8243;][vc_column][dfd_spacer screen_wide_spacer_size=&#8221;50&#8243; screen_normal_resolution=&#8221;1024&#8243; screen_tablet_resolution=&#8221;800&#8243; screen_mobile_resolution=&#8221;480&#8243; screen_normal_spacer_size=&#8221;50&#8243; screen_tablet_spacer_size=&#8221;30&#8243; screen_mobile_spacer_size=&#8221;20&#8243;][dfd_new_testimonials main_layout=&#8221;layout-15&#8243; module_animation=&#8221;transition.slideRightBigIn&#8221; author=&#8221;Elke (57)&#8221; subtitle=&#8221;Berlin (GERMANY)&#8221; description=&#8221;\u00ab There are phases in life when you more or less lose touch with\" \/>\n<meta property=\"og:url\" content=\"https:\/\/www.jscoaching.eu\/en\/testimonials\/\" \/>\n<meta property=\"og:site_name\" content=\"Julien Saun\u00e9 Coaching\" \/>\n<meta property=\"article:modified_time\" content=\"2021-12-22T11:51:36+00:00\" \/>\n<meta name=\"twitter:card\" content=\"summary_large_image\" \/>\n<meta name=\"twitter:label1\" content=\"Est. reading time\" \/>\n\t<meta name=\"twitter:data1\" content=\"2 minutes\" \/>\n<script type=\"application\/ld+json\" class=\"yoast-schema-graph\">{\"@context\":\"https:\/\/schema.org\",\"@graph\":[{\"@type\":\"WebSite\",\"@id\":\"https:\/\/www.jscoaching.eu\/#website\",\"url\":\"https:\/\/www.jscoaching.eu\/\",\"name\":\"Julien Saun\\u00e9 Coaching\",\"description\":\"\",\"potentialAction\":[{\"@type\":\"SearchAction\",\"target\":{\"@type\":\"EntryPoint\",\"urlTemplate\":\"https:\/\/www.jscoaching.eu\/?s={search_term_string}\"},\"query-input\":\"required name=search_term_string\"}],\"inLanguage\":\"en-US\"},{\"@type\":\"WebPage\",\"@id\":\"https:\/\/www.jscoaching.eu\/en\/testimonials\/#webpage\",\"url\":\"https:\/\/www.jscoaching.eu\/en\/testimonials\/\",\"name\":\"TESTIMONIALS - Julien Saun\\u00e9 Coaching\",\"isPartOf\":{\"@id\":\"https:\/\/www.jscoaching.eu\/#website\"},\"datePublished\":\"2021-06-10T15:17:19+00:00\",\"dateModified\":\"2021-12-22T11:51:36+00:00\",\"breadcrumb\":{\"@id\":\"https:\/\/www.jscoaching.eu\/en\/testimonials\/#breadcrumb\"},\"inLanguage\":\"en-US\",\"potentialAction\":[{\"@type\":\"ReadAction\",\"target\":[\"https:\/\/www.jscoaching.eu\/en\/testimonials\/\"]}]},{\"@type\":\"BreadcrumbList\",\"@id\":\"https:\/\/www.jscoaching.eu\/en\/testimonials\/#breadcrumb\",\"itemListElement\":[{\"@type\":\"ListItem\",\"position\":1,\"name\":\"Accueil\",\"item\":\"https:\/\/www.jscoaching.eu\/en\/\"},{\"@type\":\"ListItem\",\"position\":2,\"name\":\"TESTIMONIALS\"}]}]}<\/script>\n<!-- \/ Yoast SEO plugin. -->","_links":{"self":[{"href":"https:\/\/www.jscoaching.eu\/en\/wp-json\/wp\/v2\/pages\/11883"}],"collection":[{"href":"https:\/\/www.jscoaching.eu\/en\/wp-json\/wp\/v2\/pages"}],"about":[{"href":"https:\/\/www.jscoaching.eu\/en\/wp-json\/wp\/v2\/types\/page"}],"author":[{"embeddable":true,"href":"https:\/\/www.jscoaching.eu\/en\/wp-json\/wp\/v2\/users\/1"}],"replies":[{"embeddable":true,"href":"https:\/\/www.jscoaching.eu\/en\/wp-json\/wp\/v2\/comments?post=11883"}],"version-history":[{"count":12,"href":"https:\/\/www.jscoaching.eu\/en\/wp-json\/wp\/v2\/pages\/11883\/revisions"}],"predecessor-version":[{"id":12876,"href":"https:\/\/www.jscoaching.eu\/en\/wp-json\/wp\/v2\/pages\/11883\/revisions\/12876"}],"wp:attachment":[{"href":"https:\/\/www.jscoaching.eu\/en\/wp-json\/wp\/v2\/media?parent=11883"}],"curies":[{"name":"wp","href":"https:\/\/api.w.org\/{rel}","templated":true}]}}