{"id":11008,"date":"2021-01-16T16:32:26","date_gmt":"2021-01-16T15:32:26","guid":{"rendered":"https:\/\/www.jscoaching.eu\/?page_id=11008"},"modified":"2021-12-22T13:13:13","modified_gmt":"2021-12-22T12:13:13","slug":"temoignages","status":"publish","type":"page","link":"https:\/\/www.jscoaching.eu\/fr\/temoignages\/","title":{"rendered":"T\u00c9MOIGNAGES"},"content":{"rendered":"<p>[vc_row dfd_row_responsive_enable=&#8221;dfd-row-responsive-enable&#8221; responsive_styles=&#8221;margin_left_mobile:10|margin_right_mobile:10|border_left_mobile:10|border_right_mobile:10|padding_left_mobile:10|padding_right_mobile:10&#8243;][vc_column col_shadow=&#8221;box_shadow_enable:disable|shadow_horizontal:0|shadow_vertical:15|shadow_blur:50|shadow_spread:0|box_shadow_color:rgba(0%2C0%2C0%2C0.35)&#8221; col_shadow_hover=&#8221;box_shadow_enable:disable|shadow_horizontal:0|shadow_vertical:15|shadow_blur:50|shadow_spread:0|box_shadow_color:rgba(0%2C0%2C0%2C0.35)&#8221;][dfd_spacer screen_wide_spacer_size=&#8221;50&#8243; screen_normal_resolution=&#8221;1024&#8243; screen_tablet_resolution=&#8221;800&#8243; screen_mobile_resolution=&#8221;480&#8243; screen_normal_spacer_size=&#8221;50&#8243; screen_tablet_spacer_size=&#8221;30&#8243; screen_mobile_spacer_size=&#8221;20&#8243;][dfd_new_testimonials main_layout=&#8221;layout-15&#8243; module_animation=&#8221;transition.slideRightBigIn&#8221; author=&#8221;Elke (57 ans)&#8221; subtitle=&#8221;Berlin, ALLEMAGNE&#8221; description=&#8221;\u00ab Il y a des phases dans la vie o\u00f9 l&#8217;on perd plus ou moins le contact avec soi-m\u00eame parce que beaucoup de choses nous assaillent. Il est alors bon de rester attentif et ouvert. J&#8217;ai fait cette exp\u00e9rience une fois de plus et c&#8217;est \u00e0 ce moment-l\u00e0 que j&#8217;ai contact\u00e9 Julien. J&#8217;ai tout de suite eu un bon sentiment en me faisant accompagner par lui. Son attitude professionnelle, empathique et r\u00e9serv\u00e9e, et tr\u00e8s sympathique, m&#8217;a tout de suite mise en confiance. M\u00eame en p\u00e9riode de pand\u00e9mie, nous avons trouv\u00e9 un bon moyen de nous rencontrer en partie en personne et en partie en ligne, ce qui a bien fonctionn\u00e9. Il m&#8217;a toujours ramen\u00e9 au point de d\u00e9part du processus que nous avions d\u00e9fini ensemble, il est rest\u00e9 concentr\u00e9 sur le sujet de fa\u00e7on tr\u00e8s cons\u00e9quente et avec beaucoup d&#8217;empathie, et son attitude tr\u00e8s agr\u00e9able et calme m&#8217;a toujours permis d&#8217;aller rapidement \u00e0 l&#8217;essentiel. Gr\u00e2ce \u00e0 son professionnalisme, j&#8217;ai r\u00e9ussi \u00e0 identifier moi-m\u00eame, apr\u00e8s quelques rendez-vous, ce dont j&#8217;avais besoin dans ma situation de vie actuelle. Je lui en suis tr\u00e8s reconnaissante. J&#8217;ai beaucoup appris et je suis consciente que j&#8217;ai aussi besoin de s\u00e9ances de rafra\u00eechissement de temps \u00e0 autre, c&#8217;est aussi important pour moi que la prophylaxie chez le m\u00e9decin. Je recommande vivement Julien, sur le chemin de la d\u00e9couverte de soi c&#8217;est un excellent pilote. \u00bb&#8221; title_font_options=&#8221;tag:h3|color:%23495269&#8243; subtitle_font_options=&#8221;tag:div|color:%23595959&#8243; thumb_color=&#8221;#b9d4da&#8221; bg_block_color=&#8221;#b9d4da&#8221; thumb_size=&#8221;0&#8243; content_font_options=&#8221;color:%23595959&#8243; use_google_fonts_testimonial=&#8221;show&#8221; custom_fonts_testimonial=&#8221;font_family:Raleway%3A100%2C200%2C300%2Cregular%2C500%2C600%2C700%2C800%2C900&#8243; title_responsive=&#8221;line_height_mobile:25&#8243; tutorials=&#8221;&#8221;][dfd_spacer screen_wide_spacer_size=&#8221;50&#8243; screen_normal_resolution=&#8221;1024&#8243; screen_tablet_resolution=&#8221;800&#8243; screen_mobile_resolution=&#8221;480&#8243; screen_normal_spacer_size=&#8221;50&#8243; screen_tablet_spacer_size=&#8221;30&#8243; screen_mobile_spacer_size=&#8221;20&#8243;][dfd_new_testimonials main_layout=&#8221;layout-16&#8243; module_animation=&#8221;transition.slideLeftBigIn&#8221; author=&#8221;Lisa (39 ans)&#8221; subtitle=&#8221;Berlin, ALLEMAGNE&#8221; description=&#8221;\u00ab Quand on se trouve \u00e0 un moment de la vie o\u00f9 on doit choisir et qu\u2019on n\u2019est pas s\u00fbr de sa place, o\u00f9 on veut aller \u00e0 long terme et qui on est au fond, on entend souvent dire que le coaching serait exactement la bonne chose \u00e0 faire. Mais le coach sait-il vraiment comment je fonctionne et ce dont j\u2019ai besoin personnellement ? J\u2019ai rencontr\u00e9 Julien en personne et j\u2019ai tout de suite eu un bon sentiment. Dans une p\u00e9riode o\u00f9 le COVID nous a forc\u00e9s au confinement, la plupart de notre processus de coaching devait se d\u00e9rouler en ligne. D\u00e9j\u00e0 apr\u00e8s 2-3 s\u00e9ances, j\u2019ai eu le sentiment que Julien savait exactement qui j\u2019\u00e9tais, et il m\u2019a conduit de mani\u00e8re douce dans la direction dont j\u2019avais besoin. Totalement autonome, mais avec beaucoup d\u2019empathie et de compr\u00e9hension de la part de Julien, j\u2019ai obtenu la r\u00e9ponse \u00e0 mes questions. Ce qui est crucial, c\u2019est de se rendre compte de ce dont on a besoin sans que personne ne vous le souffle \u00e0 l\u2019oreille. Julien m\u2019a tr\u00e8s bien guid\u00e9e et de fa\u00e7on tr\u00e8s professionnelle. Je le remercie beaucoup pour ce travail d\u2019ensemble et pour le d\u00e9veloppement personnel dont j\u2019ai pu faire l\u2019exp\u00e9rience. \u00bb&#8221; title_font_options=&#8221;tag:h3|color:%23495269&#8243; subtitle_font_options=&#8221;tag:div|color:%23595959&#8243; thumb_color=&#8221;#ededed&#8221; bg_block_color=&#8221;#ededed&#8221; thumb_size=&#8221;0&#8243; content_font_options=&#8221;color:%23595959&#8243; use_google_fonts_testimonial=&#8221;show&#8221; custom_fonts_testimonial=&#8221;font_family:Raleway%3A100%2C200%2C300%2Cregular%2C500%2C600%2C700%2C800%2C900|font_style:400%20regular%3A400%3Anormal&#8221; title_responsive=&#8221;line_height_mobile:25&#8243;][dfd_spacer screen_wide_spacer_size=&#8221;50&#8243; screen_normal_resolution=&#8221;1024&#8243; screen_tablet_resolution=&#8221;800&#8243; screen_mobile_resolution=&#8221;480&#8243; screen_normal_spacer_size=&#8221;50&#8243; screen_tablet_spacer_size=&#8221;30&#8243; screen_mobile_spacer_size=&#8221;20&#8243;][dfd_new_testimonials main_layout=&#8221;layout-15&#8243; module_animation=&#8221;transition.slideRightBigIn&#8221; author=&#8221;Nadine&#8221; subtitle=&#8221;Berlin, ALLEMAGNE&#8221; description=&#8221;\u00ab Das Coaching mit Julien ist f\u00fcr mich im Hinblick auf meine berufliche und pers\u00f6nliche Entwicklung sehr wertvoll. In unserer Zusammenarbeit konnte ich viele M\u00f6glichkeiten und Potentiale f\u00fcr meinen pers\u00f6nlichen Werdegang erarbeiten und mit ihm gemeinsam in mein Leben einbauen. Herzlichen Dank daf\u00fcr. \u00bb&#8221; title_font_options=&#8221;tag:h3|color:%23495269&#8243; subtitle_font_options=&#8221;tag:div|color:%23595959&#8243; thumb_color=&#8221;#b9d4da&#8221; bg_block_color=&#8221;#b9d4da&#8221; thumb_size=&#8221;0&#8243; content_font_options=&#8221;color:%23595959&#8243; use_google_fonts_testimonial=&#8221;show&#8221; custom_fonts_testimonial=&#8221;font_family:Raleway%3A100%2C200%2C300%2Cregular%2C500%2C600%2C700%2C800%2C900&#8243; title_responsive=&#8221;line_height_mobile:25&#8243;][\/vc_column][\/vc_row]<\/p>\n","protected":false},"excerpt":{"rendered":"<p>[vc_row dfd_row_responsive_enable=&#8221;dfd-row-responsive-enable&#8221; responsive_styles=&#8221;margin_left_mobile:10|margin_right_mobile:10|border_left_mobile:10|border_right_mobile:10|padding_left_mobile:10|padding_right_mobile:10&#8243;][vc_column col_shadow=&#8221;box_shadow_enable:disable|shadow_horizontal:0|shadow_vertical:15|shadow_blur:50|shadow_spread:0|box_shadow_color:rgba(0%2C0%2C0%2C0.35)&#8221; col_shadow_hover=&#8221;box_shadow_enable:disable|shadow_horizontal:0|shadow_vertical:15|shadow_blur:50|shadow_spread:0|box_shadow_color:rgba(0%2C0%2C0%2C0.35)&#8221;][dfd_spacer screen_wide_spacer_size=&#8221;50&#8243; screen_normal_resolution=&#8221;1024&#8243; screen_tablet_resolution=&#8221;800&#8243; screen_mobile_resolution=&#8221;480&#8243; screen_normal_spacer_size=&#8221;50&#8243; screen_tablet_spacer_size=&#8221;30&#8243; screen_mobile_spacer_size=&#8221;20&#8243;][dfd_new_testimonials main_layout=&#8221;layout-15&#8243; module_animation=&#8221;transition.slideRightBigIn&#8221; author=&#8221;Elke (57 ans)&#8221; subtitle=&#8221;Berlin, ALLEMAGNE&#8221; description=&#8221;\u00ab Il y a des phases dans la vie o\u00f9 l&#8217;on<\/p>\n","protected":false},"author":1,"featured_media":0,"parent":0,"menu_order":12,"comment_status":"closed","ping_status":"closed","template":"","meta":[],"yoast_head":"<!-- This site is optimized with the Yoast SEO plugin v16.6.1 - https:\/\/yoast.com\/wordpress\/plugins\/seo\/ -->\n<title>T\u00c9MOIGNAGES - Julien Saun\u00e9 Coaching<\/title>\n<meta name=\"robots\" content=\"index, follow, max-snippet:-1, max-image-preview:large, max-video-preview:-1\" \/>\n<link rel=\"canonical\" href=\"https:\/\/www.jscoaching.eu\/fr\/temoignages\/\" \/>\n<meta property=\"og:locale\" content=\"fr_FR\" \/>\n<meta property=\"og:type\" content=\"article\" \/>\n<meta property=\"og:title\" content=\"T\u00c9MOIGNAGES - Julien Saun\u00e9 Coaching\" \/>\n<meta property=\"og:description\" content=\"[vc_row dfd_row_responsive_enable=&#8221;dfd-row-responsive-enable&#8221; responsive_styles=&#8221;margin_left_mobile:10|margin_right_mobile:10|border_left_mobile:10|border_right_mobile:10|padding_left_mobile:10|padding_right_mobile:10&#8243;][vc_column col_shadow=&#8221;box_shadow_enable:disable|shadow_horizontal:0|shadow_vertical:15|shadow_blur:50|shadow_spread:0|box_shadow_color:rgba(0%2C0%2C0%2C0.35)&#8221; col_shadow_hover=&#8221;box_shadow_enable:disable|shadow_horizontal:0|shadow_vertical:15|shadow_blur:50|shadow_spread:0|box_shadow_color:rgba(0%2C0%2C0%2C0.35)&#8221;][dfd_spacer screen_wide_spacer_size=&#8221;50&#8243; screen_normal_resolution=&#8221;1024&#8243; screen_tablet_resolution=&#8221;800&#8243; screen_mobile_resolution=&#8221;480&#8243; screen_normal_spacer_size=&#8221;50&#8243; screen_tablet_spacer_size=&#8221;30&#8243; screen_mobile_spacer_size=&#8221;20&#8243;][dfd_new_testimonials main_layout=&#8221;layout-15&#8243; module_animation=&#8221;transition.slideRightBigIn&#8221; author=&#8221;Elke (57 ans)&#8221; subtitle=&#8221;Berlin, ALLEMAGNE&#8221; description=&#8221;\u00ab Il y a des phases dans la vie o\u00f9 l&#8217;on\" \/>\n<meta property=\"og:url\" content=\"https:\/\/www.jscoaching.eu\/fr\/temoignages\/\" \/>\n<meta property=\"og:site_name\" content=\"Julien Saun\u00e9 Coaching\" \/>\n<meta property=\"article:modified_time\" content=\"2021-12-22T12:13:13+00:00\" \/>\n<meta name=\"twitter:card\" content=\"summary_large_image\" \/>\n<meta name=\"twitter:label1\" content=\"Dur\u00e9e de lecture est.\" \/>\n\t<meta name=\"twitter:data1\" content=\"2 minutes\" \/>\n<script type=\"application\/ld+json\" class=\"yoast-schema-graph\">{\"@context\":\"https:\/\/schema.org\",\"@graph\":[{\"@type\":\"WebSite\",\"@id\":\"https:\/\/www.jscoaching.eu\/#website\",\"url\":\"https:\/\/www.jscoaching.eu\/\",\"name\":\"Julien Saun\\u00e9 Coaching\",\"description\":\"\",\"potentialAction\":[{\"@type\":\"SearchAction\",\"target\":{\"@type\":\"EntryPoint\",\"urlTemplate\":\"https:\/\/www.jscoaching.eu\/?s={search_term_string}\"},\"query-input\":\"required name=search_term_string\"}],\"inLanguage\":\"fr-FR\"},{\"@type\":\"WebPage\",\"@id\":\"https:\/\/www.jscoaching.eu\/fr\/temoignages\/#webpage\",\"url\":\"https:\/\/www.jscoaching.eu\/fr\/temoignages\/\",\"name\":\"T\\u00c9MOIGNAGES - Julien Saun\\u00e9 Coaching\",\"isPartOf\":{\"@id\":\"https:\/\/www.jscoaching.eu\/#website\"},\"datePublished\":\"2021-01-16T15:32:26+00:00\",\"dateModified\":\"2021-12-22T12:13:13+00:00\",\"breadcrumb\":{\"@id\":\"https:\/\/www.jscoaching.eu\/fr\/temoignages\/#breadcrumb\"},\"inLanguage\":\"fr-FR\",\"potentialAction\":[{\"@type\":\"ReadAction\",\"target\":[\"https:\/\/www.jscoaching.eu\/fr\/temoignages\/\"]}]},{\"@type\":\"BreadcrumbList\",\"@id\":\"https:\/\/www.jscoaching.eu\/fr\/temoignages\/#breadcrumb\",\"itemListElement\":[{\"@type\":\"ListItem\",\"position\":1,\"name\":\"Accueil\",\"item\":\"https:\/\/www.jscoaching.eu\/fr\/\"},{\"@type\":\"ListItem\",\"position\":2,\"name\":\"T\\u00c9MOIGNAGES\"}]}]}<\/script>\n<!-- \/ Yoast SEO plugin. -->","_links":{"self":[{"href":"https:\/\/www.jscoaching.eu\/fr\/wp-json\/wp\/v2\/pages\/11008"}],"collection":[{"href":"https:\/\/www.jscoaching.eu\/fr\/wp-json\/wp\/v2\/pages"}],"about":[{"href":"https:\/\/www.jscoaching.eu\/fr\/wp-json\/wp\/v2\/types\/page"}],"author":[{"embeddable":true,"href":"https:\/\/www.jscoaching.eu\/fr\/wp-json\/wp\/v2\/users\/1"}],"replies":[{"embeddable":true,"href":"https:\/\/www.jscoaching.eu\/fr\/wp-json\/wp\/v2\/comments?post=11008"}],"version-history":[{"count":15,"href":"https:\/\/www.jscoaching.eu\/fr\/wp-json\/wp\/v2\/pages\/11008\/revisions"}],"predecessor-version":[{"id":12883,"href":"https:\/\/www.jscoaching.eu\/fr\/wp-json\/wp\/v2\/pages\/11008\/revisions\/12883"}],"wp:attachment":[{"href":"https:\/\/www.jscoaching.eu\/fr\/wp-json\/wp\/v2\/media?parent=11008"}],"curies":[{"name":"wp","href":"https:\/\/api.w.org\/{rel}","templated":true}]}}