{"id":11041,"date":"2021-01-16T19:47:59","date_gmt":"2021-01-16T18:47:59","guid":{"rendered":"https:\/\/www.jscoaching.eu\/?page_id=11041"},"modified":"2021-07-07T17:16:28","modified_gmt":"2021-07-07T15:16:28","slug":"mes-valeurs","status":"publish","type":"page","link":"https:\/\/www.jscoaching.eu\/fr\/mes-valeurs\/","title":{"rendered":"MES VALEURS"},"content":{"rendered":"<p>[vc_row][vc_column][dfd_spacer screen_wide_spacer_size=&#8221;100&#8243; screen_normal_resolution=&#8221;1024&#8243; screen_tablet_resolution=&#8221;800&#8243; screen_mobile_resolution=&#8221;480&#8243; screen_normal_spacer_size=&#8221;100&#8243; screen_tablet_spacer_size=&#8221;40&#8243; screen_mobile_spacer_size=&#8221;40&#8243;][\/vc_column][\/vc_row][vc_row dfd_row_responsive_enable=&#8221;dfd-row-responsive-enable&#8221;][vc_column width=&#8221;1\/2&#8243; css=&#8221;.vc_custom_1625670884542{padding-top: 35px !important;padding-right: 35px !important;padding-bottom: 35px !important;padding-left: 35px !important;background-color: #cc5f00 !important;}&#8221; col_shadow=&#8221;box_shadow_enable:enable|shadow_horizontal:0|shadow_vertical:15|shadow_blur:50|shadow_spread:0|box_shadow_color:rgba(0%2C0%2C0%2C0.35)&#8221; col_shadow_hover=&#8221;box_shadow_enable:enable|shadow_horizontal:0|shadow_vertical:15|shadow_blur:50|shadow_spread:0|box_shadow_color:rgba(0%2C0%2C0%2C0.35)&#8221;][dfd_spacer screen_wide_spacer_size=&#8221;10&#8243; screen_normal_resolution=&#8221;1024&#8243; screen_tablet_resolution=&#8221;800&#8243; screen_mobile_resolution=&#8221;480&#8243; screen_normal_spacer_size=&#8221;10&#8243;][dfd_heading subtitle=&#8221;&#8221; content_alignment=&#8221;text-left&#8221; module_animation=&#8221;transition.slideLeftBigIn&#8221; enable_delimiter=&#8221;&#8221; undefined=&#8221;&#8221; title_font_options=&#8221;tag:h3|color:%23ffffff|letter_spacing:5&#8243; subtitle_font_options=&#8221;tag:div&#8221;]HUMILIT\u00c9[\/dfd_heading][vc_column_text item_animation=&#8221;transition.slideLeftBigIn&#8221;]<span style=\"font-weight: 400; color: #ffffff;\">J\u2019ai un seul objectif fondamental dans la vie : \u00eatre de plus en plus heureux et vivant. Tous mes autres objectifs servent ce but ultime et peuvent \u00eatre modifi\u00e9s ou adapt\u00e9s si je r\u00e9alise que je me trompe. Cette hi\u00e9rarchisation et ce pragmatisme sont importants pour moi. J&#8217;ai des id\u00e9es sur la fa\u00e7on dont je pourrais \u00eatre plus heureux, mais je ne les prends pas au s\u00e9rieux outre mesure. Je pense qu&#8217;il est tr\u00e8s important de ne pas se fixer sur des id\u00e9es rigides et arr\u00eat\u00e9es, telles que &#8220;je serai heureux quand j\u2019aurai r\u00e9ussi&#8221; ou &#8220;&#8230;quand j&#8217;aurai trouv\u00e9 le bon\/la bonne partenaire&#8221; etc. Mieux vaut rester ouverts \u00e0 ce que la vie nous enseigne tous les jours plut\u00f4t que de vouloir avoir raison. Pour moi, l&#8217;humilit\u00e9, c&#8217;est avoir conscience que mon \u00e2me, mon essence, l&#8217;univers, la vie, Dieu, ou quel que soit le nom qu&#8217;on lui donne, sait mieux ce qui est bon pour moi que mon ego.<\/span>[\/vc_column_text][\/vc_column][vc_column width=&#8221;1\/2&#8243; dfd_column_responsive_enable=&#8221;dfd-column-responsive-enable&#8221; css=&#8221;.vc_custom_1625670914350{padding-left: 20px !important;}&#8221; col_shadow=&#8221;box_shadow_enable:disable|shadow_horizontal:0|shadow_vertical:15|shadow_blur:50|shadow_spread:0|box_shadow_color:rgba(0%2C0%2C0%2C0.35)&#8221; col_shadow_hover=&#8221;box_shadow_enable:disable|shadow_horizontal:0|shadow_vertical:15|shadow_blur:50|shadow_spread:0|box_shadow_color:rgba(0%2C0%2C0%2C0.35)&#8221; responsive_styles=&#8221;margin_top_mobile:10|border_top_mobile:10|padding_top_mobile:10&#8243;][dfd_single_image image_alignment=&#8221;image-right&#8221; module_animation=&#8221;transition.slideRightBigIn&#8221; image=&#8221;11250&#8243;][\/vc_column][\/vc_row][vc_row][vc_column][dfd_spacer screen_wide_spacer_size=&#8221;100&#8243; screen_normal_resolution=&#8221;1024&#8243; screen_tablet_resolution=&#8221;800&#8243; screen_mobile_resolution=&#8221;480&#8243; screen_normal_spacer_size=&#8221;100&#8243; screen_tablet_spacer_size=&#8221;80&#8243; screen_mobile_spacer_size=&#8221;70&#8243;][\/vc_column][\/vc_row][vc_row][vc_column width=&#8221;1\/2&#8243; dfd_column_responsive_enable=&#8221;dfd-column-responsive-enable&#8221; css=&#8221;.vc_custom_1625670985550{padding-right: 20px !important;}&#8221; col_shadow=&#8221;box_shadow_enable:disable|shadow_horizontal:0|shadow_vertical:15|shadow_blur:50|shadow_spread:0|box_shadow_color:rgba(0%2C0%2C0%2C0.35)&#8221; col_shadow_hover=&#8221;box_shadow_enable:disable|shadow_horizontal:0|shadow_vertical:15|shadow_blur:50|shadow_spread:0|box_shadow_color:rgba(0%2C0%2C0%2C0.35)&#8221; responsive_styles=&#8221;margin_bottom_mobile:10|border_bottom_mobile:10|padding_bottom_mobile:10&#8243;][dfd_single_image image_alignment=&#8221;image-left&#8221; module_animation=&#8221;transition.slideLeftBigIn&#8221; image=&#8221;12488&#8243;][\/vc_column][vc_column width=&#8221;1\/2&#8243; css=&#8221;.vc_custom_1624890335115{padding-top: 35px !important;padding-right: 35px !important;padding-bottom: 35px !important;padding-left: 35px !important;background-color: #ffffff !important;background-position: center !important;background-repeat: no-repeat !important;background-size: contain !important;}&#8221; col_shadow=&#8221;box_shadow_enable:enable|shadow_horizontal:0|shadow_vertical:15|shadow_blur:50|shadow_spread:0|box_shadow_color:rgba(0%2C0%2C0%2C0.35)&#8221; col_shadow_hover=&#8221;box_shadow_enable:enable|shadow_horizontal:0|shadow_vertical:15|shadow_blur:50|shadow_spread:0|box_shadow_color:rgba(0%2C0%2C0%2C0.35)&#8221;][dfd_spacer screen_wide_spacer_size=&#8221;10&#8243; screen_normal_resolution=&#8221;1024&#8243; screen_tablet_resolution=&#8221;800&#8243; screen_mobile_resolution=&#8221;480&#8243; screen_normal_spacer_size=&#8221;10&#8243;][dfd_heading subtitle=&#8221;&#8221; content_alignment=&#8221;text-left&#8221; module_animation=&#8221;transition.slideRightBigIn&#8221; enable_delimiter=&#8221;&#8221; undefined=&#8221;&#8221; title_font_options=&#8221;tag:h3|color:%23595959|letter_spacing:5&#8243; subtitle_font_options=&#8221;tag:div&#8221;]<\/p>\n<p style=\"text-align: left;\">PRAGMATISME<\/p>\n<p>[\/dfd_heading][vc_column_text item_animation=&#8221;transition.slideRightBigIn&#8221;]<\/p>\n<p style=\"text-align: left;\"><span style=\"font-weight: 400; color: #595959;\">Je n\u2019ai pas d\u00e9velopp\u00e9 mes valeurs et mon attitude face \u00e0 la vie de mani\u00e8re dogmatique, mais pragmatique. Je n&#8217;ai aucune pr\u00e9tention \u00e0 la v\u00e9rit\u00e9 et je veux vivre et coacher selon des principes qui ont fait leurs preuves dans la pratique et qui produisent des r\u00e9sultats concrets. Au-del\u00e0 du &#8220;bon&#8221; et du &#8220;mauvais&#8221;.<\/span><\/p>\n<p>[\/vc_column_text][\/vc_column][\/vc_row][vc_row][vc_column][dfd_spacer screen_wide_spacer_size=&#8221;100&#8243; screen_normal_resolution=&#8221;1024&#8243; screen_tablet_resolution=&#8221;800&#8243; screen_mobile_resolution=&#8221;480&#8243; screen_normal_spacer_size=&#8221;100&#8243; screen_tablet_spacer_size=&#8221;80&#8243; screen_mobile_spacer_size=&#8221;70&#8243;][\/vc_column][\/vc_row][vc_row][vc_column width=&#8221;1\/2&#8243; css=&#8221;.vc_custom_1614107580902{padding-top: 35px !important;padding-right: 35px !important;padding-bottom: 35px !important;padding-left: 35px !important;background-color: #495269 !important;background-position: center !important;background-repeat: no-repeat !important;background-size: cover !important;}&#8221; col_shadow=&#8221;box_shadow_enable:enable|shadow_horizontal:0|shadow_vertical:15|shadow_blur:50|shadow_spread:0|box_shadow_color:rgba(0%2C0%2C0%2C0.35)&#8221; col_shadow_hover=&#8221;box_shadow_enable:enable|shadow_horizontal:0|shadow_vertical:15|shadow_blur:50|shadow_spread:0|box_shadow_color:rgba(0%2C0%2C0%2C0.35)&#8221;][dfd_spacer screen_wide_spacer_size=&#8221;10&#8243; screen_normal_resolution=&#8221;1024&#8243; screen_tablet_resolution=&#8221;800&#8243; screen_mobile_resolution=&#8221;480&#8243; screen_normal_spacer_size=&#8221;10&#8243;][dfd_heading subtitle=&#8221;&#8221; content_alignment=&#8221;text-left&#8221; module_animation=&#8221;transition.slideLeftBigIn&#8221; enable_delimiter=&#8221;&#8221; undefined=&#8221;&#8221; title_font_options=&#8221;tag:h3|color:%23ffffff|letter_spacing:5&#8243; subtitle_font_options=&#8221;tag:div&#8221;]RESPONSABILIT\u00c9[\/dfd_heading][vc_column_text item_animation=&#8221;transition.slideLeftBigIn&#8221;]<span style=\"font-weight: 400; color: #ffffff;\">J&#8217;ai personnellement constat\u00e9 qu&#8217;il est b\u00e9n\u00e9fique d&#8217;assumer pleinement la responsabilit\u00e9 de sa propre vie et de sa propre souffrance et de sortir du r\u00f4le de victime. Rien de ce qui nous a \u00e9t\u00e9 &#8220;fait&#8221; dans le pass\u00e9 (insultes, violences, abus, humiliations&#8230; etc.) n\u2019est insurmontable et nous sommes responsables \u00e0 100% de ce que nous en avons fait et de ce que nous continuons \u00e0 en faire. Il est plus b\u00e9n\u00e9fique de dire \u00ab j\u2019ai per\u00e7u ma m\u00e8re comme possessive \u00bb plut\u00f4t que \u00ab j\u2019ai eu une m\u00e8re possessive \u00bb. Il est plus b\u00e9n\u00e9fique de pardonner totalement \u00e0 ma m\u00e8re pour ses erreurs humaines, d\u2019assumer la responsabilit\u00e9 de ma souffrance et de chercher des solutions concr\u00e8tes pour la transformer. Attention, il ne s\u2019agit pas ici de culpabilit\u00e9, mais de responsabilit\u00e9 !<\/span>[\/vc_column_text][\/vc_column][vc_column width=&#8221;1\/2&#8243; dfd_column_responsive_enable=&#8221;dfd-column-responsive-enable&#8221; css=&#8221;.vc_custom_1625670927837{padding-left: 20px !important;}&#8221; col_shadow=&#8221;box_shadow_enable:disable|shadow_horizontal:0|shadow_vertical:15|shadow_blur:50|shadow_spread:0|box_shadow_color:rgba(0%2C0%2C0%2C0.35)&#8221; col_shadow_hover=&#8221;box_shadow_enable:disable|shadow_horizontal:0|shadow_vertical:15|shadow_blur:50|shadow_spread:0|box_shadow_color:rgba(0%2C0%2C0%2C0.35)&#8221; responsive_styles=&#8221;margin_top_mobile:10|border_top_mobile:10|padding_top_mobile:10&#8243;][dfd_single_image image_alignment=&#8221;image-right&#8221; module_animation=&#8221;transition.slideRightBigIn&#8221; image=&#8221;12405&#8243;][\/vc_column][\/vc_row][vc_row][vc_column][dfd_spacer screen_wide_spacer_size=&#8221;100&#8243; screen_normal_resolution=&#8221;1024&#8243; screen_tablet_resolution=&#8221;800&#8243; screen_mobile_resolution=&#8221;480&#8243; screen_normal_spacer_size=&#8221;100&#8243; screen_tablet_spacer_size=&#8221;80&#8243; screen_mobile_spacer_size=&#8221;70&#8243;][\/vc_column][\/vc_row][vc_row][vc_column width=&#8221;1\/2&#8243; dfd_column_responsive_enable=&#8221;dfd-column-responsive-enable&#8221; css=&#8221;.vc_custom_1625670958541{padding-right: 20px !important;}&#8221; col_shadow=&#8221;box_shadow_enable:disable|shadow_horizontal:0|shadow_vertical:15|shadow_blur:50|shadow_spread:0|box_shadow_color:rgba(0%2C0%2C0%2C0.35)&#8221; col_shadow_hover=&#8221;box_shadow_enable:disable|shadow_horizontal:0|shadow_vertical:15|shadow_blur:50|shadow_spread:0|box_shadow_color:rgba(0%2C0%2C0%2C0.35)&#8221; responsive_styles=&#8221;margin_bottom_mobile:10|border_bottom_mobile:10|padding_bottom_mobile:10&#8243;][dfd_single_image image_alignment=&#8221;image-left&#8221; module_animation=&#8221;transition.slideLeftBigIn&#8221; image=&#8221;11736&#8243;][\/vc_column][vc_column width=&#8221;1\/2&#8243; css=&#8221;.vc_custom_1614107589191{padding-top: 35px !important;padding-right: 35px !important;padding-bottom: 35px !important;padding-left: 35px !important;background-color: #b9d4da !important;background-position: center !important;background-repeat: no-repeat !important;background-size: contain !important;}&#8221; col_shadow=&#8221;box_shadow_enable:enable|shadow_horizontal:0|shadow_vertical:15|shadow_blur:50|shadow_spread:0|box_shadow_color:rgba(0%2C0%2C0%2C0.35)&#8221; col_shadow_hover=&#8221;box_shadow_enable:enable|shadow_horizontal:0|shadow_vertical:15|shadow_blur:50|shadow_spread:0|box_shadow_color:rgba(0%2C0%2C0%2C0.35)&#8221;][dfd_spacer screen_wide_spacer_size=&#8221;10&#8243; screen_normal_resolution=&#8221;1024&#8243; screen_tablet_resolution=&#8221;800&#8243; screen_mobile_resolution=&#8221;480&#8243; screen_normal_spacer_size=&#8221;10&#8243;][dfd_heading subtitle=&#8221;&#8221; content_alignment=&#8221;text-left&#8221; module_animation=&#8221;transition.slideRightBigIn&#8221; enable_delimiter=&#8221;&#8221; undefined=&#8221;&#8221; title_font_options=&#8221;tag:h3|color:%23595959|letter_spacing:5&#8243; subtitle_font_options=&#8221;tag:div&#8221;]<\/p>\n<p style=\"text-align: left;\">VALEUR DE LA VIE HUMAINE<\/p>\n<p>[\/dfd_heading][vc_column_text item_animation=&#8221;transition.slideRightBigIn&#8221;]<\/p>\n<p style=\"text-align: left;\"><span style=\"font-weight: 400; color: #595959;\">Je suis fascin\u00e9 par la diversit\u00e9 humaine. Pour moi, chaque \u00eatre humain est unique et de valeur \u00e9quivalente. Je souhaite traiter tout le monde sur un pied d\u2019\u00e9galit\u00e9, peu importe l\u2019occupation ou le statut social (PDG, balayeur, m\u00e9decin, artiste, ch\u00f4meuse, etc). Je suis \u00e9galement convaincu que je peux apprendre de chaque personne et je m\u2019efforce de donner le moins de poids possible \u00e0 mes pr\u00e9jug\u00e9s. <\/span><\/p>\n<p>[\/vc_column_text][\/vc_column][\/vc_row][vc_row][vc_column][dfd_spacer screen_wide_spacer_size=&#8221;150&#8243; screen_normal_resolution=&#8221;1024&#8243; screen_tablet_resolution=&#8221;800&#8243; screen_mobile_resolution=&#8221;480&#8243; screen_normal_spacer_size=&#8221;150&#8243; screen_tablet_spacer_size=&#8221;130&#8243; screen_mobile_spacer_size=&#8221;110&#8243;][\/vc_column][\/vc_row]<\/p>\n","protected":false},"excerpt":{"rendered":"<p>[vc_row][vc_column][dfd_spacer screen_wide_spacer_size=&#8221;100&#8243; screen_normal_resolution=&#8221;1024&#8243; screen_tablet_resolution=&#8221;800&#8243; screen_mobile_resolution=&#8221;480&#8243; screen_normal_spacer_size=&#8221;100&#8243; screen_tablet_spacer_size=&#8221;40&#8243; screen_mobile_spacer_size=&#8221;40&#8243;][\/vc_column][\/vc_row][vc_row dfd_row_responsive_enable=&#8221;dfd-row-responsive-enable&#8221;][vc_column width=&#8221;1\/2&#8243; css=&#8221;.vc_custom_1625670884542{padding-top: 35px !important;padding-right: 35px !important;padding-bottom: 35px !important;padding-left: 35px !important;background-color: #cc5f00 !important;}&#8221; col_shadow=&#8221;box_shadow_enable:enable|shadow_horizontal:0|shadow_vertical:15|shadow_blur:50|shadow_spread:0|box_shadow_color:rgba(0%2C0%2C0%2C0.35)&#8221; col_shadow_hover=&#8221;box_shadow_enable:enable|shadow_horizontal:0|shadow_vertical:15|shadow_blur:50|shadow_spread:0|box_shadow_color:rgba(0%2C0%2C0%2C0.35)&#8221;][dfd_spacer screen_wide_spacer_size=&#8221;10&#8243; screen_normal_resolution=&#8221;1024&#8243; screen_tablet_resolution=&#8221;800&#8243; screen_mobile_resolution=&#8221;480&#8243; screen_normal_spacer_size=&#8221;10&#8243;][dfd_heading subtitle=&#8221;&#8221; content_alignment=&#8221;text-left&#8221;<\/p>\n","protected":false},"author":1,"featured_media":0,"parent":0,"menu_order":3,"comment_status":"closed","ping_status":"closed","template":"","meta":[],"yoast_head":"<!-- This site is optimized with the Yoast SEO plugin v16.6.1 - https:\/\/yoast.com\/wordpress\/plugins\/seo\/ -->\n<title>MES VALEURS - Julien Saun\u00e9 Coaching<\/title>\n<meta name=\"robots\" content=\"index, follow, max-snippet:-1, max-image-preview:large, max-video-preview:-1\" \/>\n<link rel=\"canonical\" href=\"https:\/\/www.jscoaching.eu\/fr\/mes-valeurs\/\" \/>\n<meta property=\"og:locale\" content=\"fr_FR\" \/>\n<meta property=\"og:type\" content=\"article\" \/>\n<meta property=\"og:title\" content=\"MES VALEURS - Julien Saun\u00e9 Coaching\" \/>\n<meta property=\"og:description\" content=\"[vc_row][vc_column][dfd_spacer screen_wide_spacer_size=&#8221;100&#8243; screen_normal_resolution=&#8221;1024&#8243; screen_tablet_resolution=&#8221;800&#8243; screen_mobile_resolution=&#8221;480&#8243; screen_normal_spacer_size=&#8221;100&#8243; screen_tablet_spacer_size=&#8221;40&#8243; screen_mobile_spacer_size=&#8221;40&#8243;][\/vc_column][\/vc_row][vc_row dfd_row_responsive_enable=&#8221;dfd-row-responsive-enable&#8221;][vc_column width=&#8221;1\/2&#8243; css=&#8221;.vc_custom_1625670884542{padding-top: 35px !important;padding-right: 35px !important;padding-bottom: 35px !important;padding-left: 35px !important;background-color: #cc5f00 !important;}&#8221; col_shadow=&#8221;box_shadow_enable:enable|shadow_horizontal:0|shadow_vertical:15|shadow_blur:50|shadow_spread:0|box_shadow_color:rgba(0%2C0%2C0%2C0.35)&#8221; col_shadow_hover=&#8221;box_shadow_enable:enable|shadow_horizontal:0|shadow_vertical:15|shadow_blur:50|shadow_spread:0|box_shadow_color:rgba(0%2C0%2C0%2C0.35)&#8221;][dfd_spacer screen_wide_spacer_size=&#8221;10&#8243; screen_normal_resolution=&#8221;1024&#8243; screen_tablet_resolution=&#8221;800&#8243; screen_mobile_resolution=&#8221;480&#8243; screen_normal_spacer_size=&#8221;10&#8243;][dfd_heading subtitle=&#8221;&#8221; content_alignment=&#8221;text-left&#8221;\" \/>\n<meta property=\"og:url\" content=\"https:\/\/www.jscoaching.eu\/mes-valeurs\/\" \/>\n<meta property=\"og:site_name\" content=\"Julien Saun\u00e9 Coaching\" \/>\n<meta property=\"article:modified_time\" content=\"2021-07-07T15:16:28+00:00\" \/>\n<meta name=\"twitter:card\" content=\"summary_large_image\" \/>\n<meta name=\"twitter:label1\" content=\"Dur\u00e9e de lecture est.\" \/>\n\t<meta name=\"twitter:data1\" content=\"3 minutes\" \/>\n<script type=\"application\/ld+json\" class=\"yoast-schema-graph\">{\"@context\":\"https:\/\/schema.org\",\"@graph\":[{\"@type\":\"WebSite\",\"@id\":\"https:\/\/www.jscoaching.eu\/#website\",\"url\":\"https:\/\/www.jscoaching.eu\/\",\"name\":\"Julien Saun\\u00e9 Coaching\",\"description\":\"\",\"potentialAction\":[{\"@type\":\"SearchAction\",\"target\":{\"@type\":\"EntryPoint\",\"urlTemplate\":\"https:\/\/www.jscoaching.eu\/?s={search_term_string}\"},\"query-input\":\"required name=search_term_string\"}],\"inLanguage\":\"fr-FR\"},{\"@type\":\"WebPage\",\"@id\":\"https:\/\/www.jscoaching.eu\/mes-valeurs\/#webpage\",\"url\":\"https:\/\/www.jscoaching.eu\/mes-valeurs\/\",\"name\":\"MES VALEURS - Julien Saun\\u00e9 Coaching\",\"isPartOf\":{\"@id\":\"https:\/\/www.jscoaching.eu\/#website\"},\"datePublished\":\"2021-01-16T18:47:59+00:00\",\"dateModified\":\"2021-07-07T15:16:28+00:00\",\"breadcrumb\":{\"@id\":\"https:\/\/www.jscoaching.eu\/mes-valeurs\/#breadcrumb\"},\"inLanguage\":\"fr-FR\",\"potentialAction\":[{\"@type\":\"ReadAction\",\"target\":[\"https:\/\/www.jscoaching.eu\/mes-valeurs\/\"]}]},{\"@type\":\"BreadcrumbList\",\"@id\":\"https:\/\/www.jscoaching.eu\/mes-valeurs\/#breadcrumb\",\"itemListElement\":[{\"@type\":\"ListItem\",\"position\":1,\"name\":\"Accueil\",\"item\":\"https:\/\/www.jscoaching.eu\/fr\/\"},{\"@type\":\"ListItem\",\"position\":2,\"name\":\"MES VALEURS\"}]}]}<\/script>\n<!-- \/ Yoast SEO plugin. -->","_links":{"self":[{"href":"https:\/\/www.jscoaching.eu\/fr\/wp-json\/wp\/v2\/pages\/11041"}],"collection":[{"href":"https:\/\/www.jscoaching.eu\/fr\/wp-json\/wp\/v2\/pages"}],"about":[{"href":"https:\/\/www.jscoaching.eu\/fr\/wp-json\/wp\/v2\/types\/page"}],"author":[{"embeddable":true,"href":"https:\/\/www.jscoaching.eu\/fr\/wp-json\/wp\/v2\/users\/1"}],"replies":[{"embeddable":true,"href":"https:\/\/www.jscoaching.eu\/fr\/wp-json\/wp\/v2\/comments?post=11041"}],"version-history":[{"count":21,"href":"https:\/\/www.jscoaching.eu\/fr\/wp-json\/wp\/v2\/pages\/11041\/revisions"}],"predecessor-version":[{"id":12719,"href":"https:\/\/www.jscoaching.eu\/fr\/wp-json\/wp\/v2\/pages\/11041\/revisions\/12719"}],"wp:attachment":[{"href":"https:\/\/www.jscoaching.eu\/fr\/wp-json\/wp\/v2\/media?parent=11041"}],"curies":[{"name":"wp","href":"https:\/\/api.w.org\/{rel}","templated":true}]}}