{"id":11045,"date":"2021-01-16T19:48:45","date_gmt":"2021-01-16T18:48:45","guid":{"rendered":"https:\/\/www.jscoaching.eu\/?page_id=11045"},"modified":"2021-07-07T18:15:14","modified_gmt":"2021-07-07T16:15:14","slug":"business-coaching-general","status":"publish","type":"page","link":"https:\/\/www.jscoaching.eu\/fr\/business-coaching-general\/","title":{"rendered":"BUSINESS COACHING G\u00c9N\u00c9RAL"},"content":{"rendered":"<p>[vc_row css=&#8221;.vc_custom_1613684306662{margin-bottom: -20px !important;padding-left: 23px !important;}&#8221;][vc_column][dfd_spacer screen_wide_spacer_size=&#8221;80&#8243; screen_normal_resolution=&#8221;1024&#8243; screen_tablet_resolution=&#8221;800&#8243; screen_mobile_resolution=&#8221;480&#8243; screen_normal_spacer_size=&#8221;80&#8243; screen_tablet_spacer_size=&#8221;40&#8243; screen_mobile_spacer_size=&#8221;20&#8243;][\/vc_column][\/vc_row][vc_row dfd_row_responsive_enable=&#8221;dfd-row-responsive-enable&#8221; css=&#8221;.vc_custom_1625674429970{background-position: center !important;background-repeat: no-repeat !important;background-size: contain !important;}&#8221; responsive_styles=&#8221;margin_left_mobile:15|margin_right_mobile:15|border_left_mobile:15|border_right_mobile:15|padding_left_mobile:15|padding_right_mobile:15&#8243;][vc_column col_shadow=&#8221;box_shadow_enable:disable|shadow_horizontal:0|shadow_vertical:15|shadow_blur:50|shadow_spread:0|box_shadow_color:rgba(0%2C0%2C0%2C0.35)&#8221; col_shadow_hover=&#8221;box_shadow_enable:disable|shadow_horizontal:0|shadow_vertical:15|shadow_blur:50|shadow_spread:0|box_shadow_color:rgba(0%2C0%2C0%2C0.35)&#8221; css=&#8221;.vc_custom_1620322813288{background-image: url(https:\/\/www.jscoaching.eu\/wp-content\/uploads\/2021\/05\/BUSINESS-COACHING-1.png?id=11342) !important;background-position: center !important;background-repeat: no-repeat !important;background-size: cover !important;}&#8221;][vc_column_text item_animation=&#8221;transition.grow&#8221; css=&#8221;.vc_custom_1620323334450{padding-top: 30px !important;padding-right: 20px !important;padding-left: 20px !important;}&#8221;]<\/p>\n<p style=\"text-align: center;\"><span style=\"font-weight: 400; color: #000000;\">J\u2019ai travaill\u00e9 plusieurs ann\u00e9es dans de grands groupes (Airbus, Rohde &amp; Schwarz) mais \u00e9galement pour des petites entreprises et organisations \u2013 dans le secteur priv\u00e9 ainsi que dans le non lucratif \u2013 avec des cultures et des m\u00e9thodes de travail tr\u00e8s diff\u00e9rentes (journal La Tribune, ECFR, Berlin Organics&#8230;). Partout, et quelle que soit la sant\u00e9 financi\u00e8re de la structure concern\u00e9e, des <strong>probl\u00e9matiques similaires<\/strong> se posent : la gestion du changement, de la pression et du stress et le besoin de relations interpersonnelles harmonieuses et \u00e9panouissantes au travail.\u00a0<\/span><\/p>\n<p style=\"text-align: center;\"><span style=\"font-weight: 400; color: #000000;\">En tant que coach en entreprise, j\u2019utilise la m\u00eame approche individualis\u00e9e que pour les autres types de coaching, et je n\u2019apporte pas de solutions toutes faites. Mon but est de permettre \u00e0 la personne dans son ensemble \u2013 manager ou employ\u00e9(e) \u2013 de mieux s\u2019\u00e9panouir dans son travail et ainsi de trouver les <strong>solutions optimales<\/strong> pour son \u00e9quipe ou son entreprise en utilisant ses propres ressources et comp\u00e9tences.<\/span><\/p>\n<p>[\/vc_column_text][dfd_spacer screen_wide_spacer_size=&#8221;40&#8243; screen_normal_resolution=&#8221;1024&#8243; screen_tablet_resolution=&#8221;800&#8243; screen_mobile_resolution=&#8221;480&#8243; screen_normal_spacer_size=&#8221;40&#8243; screen_tablet_spacer_size=&#8221;20&#8243; screen_mobile_spacer_size=&#8221;10&#8243;][\/vc_column][\/vc_row][vc_row][vc_column dfd_column_responsive_enable=&#8221;dfd-column-responsive-enable&#8221; col_shadow=&#8221;box_shadow_enable:disable|shadow_horizontal:0|shadow_vertical:15|shadow_blur:50|shadow_spread:0|box_shadow_color:rgba(0%2C0%2C0%2C0.35)&#8221; col_shadow_hover=&#8221;box_shadow_enable:disable|shadow_horizontal:0|shadow_vertical:15|shadow_blur:50|shadow_spread:0|box_shadow_color:rgba(0%2C0%2C0%2C0.35)&#8221; responsive_styles=&#8221;margin_left_mobile:15|margin_right_mobile:15|border_left_mobile:15|border_right_mobile:15|padding_left_mobile:15|padding_right_mobile:15&#8243;][dfd_spacer screen_wide_spacer_size=&#8221;80&#8243; screen_normal_resolution=&#8221;1024&#8243; screen_tablet_resolution=&#8221;800&#8243; screen_mobile_resolution=&#8221;480&#8243; screen_normal_spacer_size=&#8221;80&#8243; screen_tablet_spacer_size=&#8221;50&#8243; screen_mobile_spacer_size=&#8221;50&#8243; tutorials=&#8221;&#8221;][dfd_heading subtitle=&#8221;&#8221; content_alignment=&#8221;text-right&#8221; module_animation=&#8221;transition.slideRightBigIn&#8221; enable_delimiter=&#8221;&#8221; undefined=&#8221;&#8221; title_font_options=&#8221;tag:h3|color:%23495269|letter_spacing:10|font_style_bold:1&#8243; subtitle_font_options=&#8221;tag:div&#8221; tutorials=&#8221;&#8221; title_responsive=&#8221;font_size_mobile:25|letter_spacing_mobile:5&#8243;]<strong>Probl\u00e8mes et questionnements possibles<\/strong>[\/dfd_heading][\/vc_column][\/vc_row][vc_row][vc_column width=&#8221;1\/3&#8243; dfd_column_responsive_enable=&#8221;dfd-column-responsive-enable&#8221; col_shadow=&#8221;box_shadow_enable:disable|shadow_horizontal:0|shadow_vertical:15|shadow_blur:50|shadow_spread:0|box_shadow_color:rgba(0%2C0%2C0%2C0.35)&#8221; col_shadow_hover=&#8221;box_shadow_enable:disable|shadow_horizontal:0|shadow_vertical:15|shadow_blur:50|shadow_spread:0|box_shadow_color:rgba(0%2C0%2C0%2C0.35)&#8221; responsive_styles=&#8221;margin_top_mobile:10|margin_bottom_mobile:15|margin_left_mobile:15|margin_right_mobile:15|border_top_mobile:10|border_bottom_mobile:15|border_left_mobile:15|border_right_mobile:15|padding_top_mobile:10|padding_bottom_mobile:15|padding_left_mobile:15|padding_right_mobile:15&#8243;][dfd_spacer screen_wide_spacer_size=&#8221;30&#8243; screen_normal_resolution=&#8221;1024&#8243; screen_tablet_resolution=&#8221;800&#8243; screen_mobile_resolution=&#8221;480&#8243; screen_normal_spacer_size=&#8221;30&#8243; screen_tablet_spacer_size=&#8221;10&#8243; screen_mobile_spacer_size=&#8221;10&#8243;][dfd_single_image image_alignment=&#8221;image-left&#8221; module_animation=&#8221;transition.slideLeftBigIn&#8221; image=&#8221;12480&#8243;][\/vc_column][vc_column width=&#8221;2\/3&#8243; dfd_column_responsive_enable=&#8221;dfd-column-responsive-enable&#8221; css=&#8221;.vc_custom_1625674511729{padding-left: 35px !important;}&#8221; col_shadow=&#8221;box_shadow_enable:disable|shadow_horizontal:0|shadow_vertical:15|shadow_blur:50|shadow_spread:0|box_shadow_color:rgba(0%2C0%2C0%2C0.35)&#8221; col_shadow_hover=&#8221;box_shadow_enable:disable|shadow_horizontal:0|shadow_vertical:15|shadow_blur:50|shadow_spread:0|box_shadow_color:rgba(0%2C0%2C0%2C0.35)&#8221; responsive_styles=&#8221;margin_left_mobile:15|margin_right_mobile:15|border_left_mobile:15|border_right_mobile:15|padding_left_mobile:15|padding_right_mobile:15&#8243;][dfd_spacer screen_wide_spacer_size=&#8221;30&#8243; screen_normal_resolution=&#8221;1024&#8243; screen_tablet_resolution=&#8221;800&#8243; screen_mobile_resolution=&#8221;480&#8243; screen_normal_spacer_size=&#8221;30&#8243; screen_tablet_spacer_size=&#8221;10&#8243; screen_mobile_spacer_size=&#8221;10&#8243;][dfd_icon_list module_animation=&#8221;transition.slideRightBigIn&#8221; list_fields=&#8221;%5B%7B%22icon_type%22%3A%22selector%22%2C%22select_icon%22%3A%22dfd_icons%22%2C%22ic_dfd_icons%22%3A%22dfd-socicon-arrow-right%22%2C%22text_content%22%3A%22Tout%20change%20constamment%20dans%20mon%20entreprise%2Ftravail%20(restructurations%2C%20changement%20de%20personnel%2C%20num%C3%A9risation%2C%20nouvelles%20normes%2C%20nouvelles%20exigences)%20et%20je%20me%20sens%20d%C3%A9bord%C3%A9.%20Comment%20puis-je%20faire%20face%20au%20changement%20avec%20plus%20de%20s%C3%A9r%C3%A9nit%C3%A9%20%3F%22%7D%2C%7B%22icon_type%22%3A%22selector%22%2C%22select_icon%22%3A%22dfd_icons%22%2C%22ic_dfd_icons%22%3A%22dfd-socicon-arrow-right%22%2C%22text_content%22%3A%22J%E2%80%99ai%20un%20probl%C3%A8me%20avec%20mon%20manager%20et%20je%20n%E2%80%99ose%20pas%20l%E2%80%99aborder%20directement%20(par%20exemple%2C%20il%20demande%20trop%20de%20moi%20%2F%20il%20me%20semble%20tr%C3%A8s%20dominant%20ou%20injuste%20%2F%20j%E2%80%99ai%20un%20probl%C3%A8me%20avec%20l%E2%80%99autorit%C3%A9%20en%20g%C3%A9n%C3%A9ral).%22%7D%2C%7B%22icon_type%22%3A%22selector%22%2C%22select_icon%22%3A%22dfd_icons%22%2C%22ic_dfd_icons%22%3A%22dfd-socicon-arrow-right%22%2C%22text_content%22%3A%22J%E2%80%99ai%20un%20probl%C3%A8me%20avec%20un(e)%20collaborateur(trice)%20de%20mon%20%C3%A9quipe%20qui%20semble%20insoluble%20(par%20exemple%2C%20il%2Felle%20est%20constamment%20d%C3%A9motiv%C3%A9(e)%20%2F%20peu%20fiable%20%2F%20inflexible%20%2F%20souvent%20en%20arr%C3%AAt-maladie%20%2F%20n%E2%80%99assume%20aucune%20responsabilit%C3%A9%2C%20etc.).%20Comment%20puis-je%20am%C3%A9liorer%20ma%20relation%20avec%20lui%2Felle%20%3F)%22%7D%2C%7B%22icon_type%22%3A%22selector%22%2C%22select_icon%22%3A%22dfd_icons%22%2C%22ic_dfd_icons%22%3A%22dfd-socicon-arrow-right%22%2C%22text_content%22%3A%22J%E2%80%99ai%20un%20probl%C3%A8me%20personnel%20avec%20un%20ou%20plusieurs%20coll%C3%A8gues%20qui%20a%20un%20impact%20consid%C3%A9rable%20sur%20mon%20bien-%C3%AAtre%20et%20sur%20la%20qualit%C3%A9%20de%20mon%20travail.%20Qu%E2%80%99est-ce%20qui%20est%20en%20mon%20pouvoir%20pour%20am%C3%A9liorer%20la%20situation%20%3F%22%7D%5D&#8221; main_style=&#8221;style-1&#8243; icon_color=&#8221;#b9d4da&#8221; font_options=&#8221;tag:div|font_size:15&#8243;][\/vc_column][\/vc_row][vc_row][vc_column][dfd_spacer screen_wide_spacer_size=&#8221;100&#8243; screen_normal_resolution=&#8221;1024&#8243; screen_tablet_resolution=&#8221;800&#8243; screen_mobile_resolution=&#8221;480&#8243; screen_normal_spacer_size=&#8221;100&#8243; screen_tablet_spacer_size=&#8221;80&#8243; screen_mobile_spacer_size=&#8221;70&#8243;][\/vc_column][\/vc_row]<\/p>\n","protected":false},"excerpt":{"rendered":"<p>[vc_row css=&#8221;.vc_custom_1613684306662{margin-bottom: -20px !important;padding-left: 23px !important;}&#8221;][vc_column][dfd_spacer screen_wide_spacer_size=&#8221;80&#8243; screen_normal_resolution=&#8221;1024&#8243; screen_tablet_resolution=&#8221;800&#8243; screen_mobile_resolution=&#8221;480&#8243; screen_normal_spacer_size=&#8221;80&#8243; screen_tablet_spacer_size=&#8221;40&#8243; screen_mobile_spacer_size=&#8221;20&#8243;][\/vc_column][\/vc_row][vc_row dfd_row_responsive_enable=&#8221;dfd-row-responsive-enable&#8221; css=&#8221;.vc_custom_1625674429970{background-position: center !important;background-repeat: no-repeat !important;background-size: contain !important;}&#8221; responsive_styles=&#8221;margin_left_mobile:15|margin_right_mobile:15|border_left_mobile:15|border_right_mobile:15|padding_left_mobile:15|padding_right_mobile:15&#8243;][vc_column col_shadow=&#8221;box_shadow_enable:disable|shadow_horizontal:0|shadow_vertical:15|shadow_blur:50|shadow_spread:0|box_shadow_color:rgba(0%2C0%2C0%2C0.35)&#8221; col_shadow_hover=&#8221;box_shadow_enable:disable|shadow_horizontal:0|shadow_vertical:15|shadow_blur:50|shadow_spread:0|box_shadow_color:rgba(0%2C0%2C0%2C0.35)&#8221; css=&#8221;.vc_custom_1620322813288{background-image: url(https:\/\/www.jscoaching.eu\/wp-content\/uploads\/2021\/05\/BUSINESS-COACHING-1.png?id=11342) !important;background-position: center !important;background-repeat: no-repeat<\/p>\n","protected":false},"author":1,"featured_media":0,"parent":0,"menu_order":5,"comment_status":"closed","ping_status":"closed","template":"","meta":[],"yoast_head":"<!-- This site is optimized with the Yoast SEO plugin v16.6.1 - https:\/\/yoast.com\/wordpress\/plugins\/seo\/ -->\n<title>BUSINESS COACHING G\u00c9N\u00c9RAL - Julien Saun\u00e9 Coaching<\/title>\n<meta name=\"robots\" content=\"index, follow, max-snippet:-1, max-image-preview:large, max-video-preview:-1\" \/>\n<link rel=\"canonical\" href=\"https:\/\/www.jscoaching.eu\/fr\/business-coaching-general\/\" \/>\n<meta property=\"og:locale\" content=\"fr_FR\" \/>\n<meta property=\"og:type\" content=\"article\" \/>\n<meta property=\"og:title\" content=\"BUSINESS COACHING G\u00c9N\u00c9RAL - Julien Saun\u00e9 Coaching\" \/>\n<meta property=\"og:description\" content=\"[vc_row css=&#8221;.vc_custom_1613684306662{margin-bottom: -20px !important;padding-left: 23px !important;}&#8221;][vc_column][dfd_spacer screen_wide_spacer_size=&#8221;80&#8243; screen_normal_resolution=&#8221;1024&#8243; screen_tablet_resolution=&#8221;800&#8243; screen_mobile_resolution=&#8221;480&#8243; screen_normal_spacer_size=&#8221;80&#8243; screen_tablet_spacer_size=&#8221;40&#8243; screen_mobile_spacer_size=&#8221;20&#8243;][\/vc_column][\/vc_row][vc_row dfd_row_responsive_enable=&#8221;dfd-row-responsive-enable&#8221; css=&#8221;.vc_custom_1625674429970{background-position: center !important;background-repeat: no-repeat !important;background-size: contain !important;}&#8221; responsive_styles=&#8221;margin_left_mobile:15|margin_right_mobile:15|border_left_mobile:15|border_right_mobile:15|padding_left_mobile:15|padding_right_mobile:15&#8243;][vc_column col_shadow=&#8221;box_shadow_enable:disable|shadow_horizontal:0|shadow_vertical:15|shadow_blur:50|shadow_spread:0|box_shadow_color:rgba(0%2C0%2C0%2C0.35)&#8221; col_shadow_hover=&#8221;box_shadow_enable:disable|shadow_horizontal:0|shadow_vertical:15|shadow_blur:50|shadow_spread:0|box_shadow_color:rgba(0%2C0%2C0%2C0.35)&#8221; css=&#8221;.vc_custom_1620322813288{background-image: url(https:\/\/www.jscoaching.eu\/wp-content\/uploads\/2021\/05\/BUSINESS-COACHING-1.png?id=11342) !important;background-position: center !important;background-repeat: no-repeat\" \/>\n<meta property=\"og:url\" content=\"https:\/\/www.jscoaching.eu\/business-coaching-general\/\" \/>\n<meta property=\"og:site_name\" content=\"Julien Saun\u00e9 Coaching\" \/>\n<meta property=\"article:modified_time\" content=\"2021-07-07T16:15:14+00:00\" \/>\n<meta name=\"twitter:card\" content=\"summary_large_image\" \/>\n<meta name=\"twitter:label1\" content=\"Dur\u00e9e de lecture est.\" \/>\n\t<meta name=\"twitter:data1\" content=\"2 minutes\" \/>\n<script type=\"application\/ld+json\" class=\"yoast-schema-graph\">{\"@context\":\"https:\/\/schema.org\",\"@graph\":[{\"@type\":\"WebSite\",\"@id\":\"https:\/\/www.jscoaching.eu\/#website\",\"url\":\"https:\/\/www.jscoaching.eu\/\",\"name\":\"Julien Saun\\u00e9 Coaching\",\"description\":\"\",\"potentialAction\":[{\"@type\":\"SearchAction\",\"target\":{\"@type\":\"EntryPoint\",\"urlTemplate\":\"https:\/\/www.jscoaching.eu\/?s={search_term_string}\"},\"query-input\":\"required name=search_term_string\"}],\"inLanguage\":\"fr-FR\"},{\"@type\":\"WebPage\",\"@id\":\"https:\/\/www.jscoaching.eu\/business-coaching-general\/#webpage\",\"url\":\"https:\/\/www.jscoaching.eu\/business-coaching-general\/\",\"name\":\"BUSINESS COACHING G\\u00c9N\\u00c9RAL - Julien Saun\\u00e9 Coaching\",\"isPartOf\":{\"@id\":\"https:\/\/www.jscoaching.eu\/#website\"},\"datePublished\":\"2021-01-16T18:48:45+00:00\",\"dateModified\":\"2021-07-07T16:15:14+00:00\",\"breadcrumb\":{\"@id\":\"https:\/\/www.jscoaching.eu\/business-coaching-general\/#breadcrumb\"},\"inLanguage\":\"fr-FR\",\"potentialAction\":[{\"@type\":\"ReadAction\",\"target\":[\"https:\/\/www.jscoaching.eu\/business-coaching-general\/\"]}]},{\"@type\":\"BreadcrumbList\",\"@id\":\"https:\/\/www.jscoaching.eu\/business-coaching-general\/#breadcrumb\",\"itemListElement\":[{\"@type\":\"ListItem\",\"position\":1,\"name\":\"Accueil\",\"item\":\"https:\/\/www.jscoaching.eu\/fr\/\"},{\"@type\":\"ListItem\",\"position\":2,\"name\":\"BUSINESS COACHING G\\u00c9N\\u00c9RAL\"}]}]}<\/script>\n<!-- \/ Yoast SEO plugin. -->","_links":{"self":[{"href":"https:\/\/www.jscoaching.eu\/fr\/wp-json\/wp\/v2\/pages\/11045"}],"collection":[{"href":"https:\/\/www.jscoaching.eu\/fr\/wp-json\/wp\/v2\/pages"}],"about":[{"href":"https:\/\/www.jscoaching.eu\/fr\/wp-json\/wp\/v2\/types\/page"}],"author":[{"embeddable":true,"href":"https:\/\/www.jscoaching.eu\/fr\/wp-json\/wp\/v2\/users\/1"}],"replies":[{"embeddable":true,"href":"https:\/\/www.jscoaching.eu\/fr\/wp-json\/wp\/v2\/comments?post=11045"}],"version-history":[{"count":22,"href":"https:\/\/www.jscoaching.eu\/fr\/wp-json\/wp\/v2\/pages\/11045\/revisions"}],"predecessor-version":[{"id":12261,"href":"https:\/\/www.jscoaching.eu\/fr\/wp-json\/wp\/v2\/pages\/11045\/revisions\/12261"}],"wp:attachment":[{"href":"https:\/\/www.jscoaching.eu\/fr\/wp-json\/wp\/v2\/media?parent=11045"}],"curies":[{"name":"wp","href":"https:\/\/api.w.org\/{rel}","templated":true}]}}