{"id":11047,"date":"2021-01-16T19:49:14","date_gmt":"2021-01-16T18:49:14","guid":{"rendered":"https:\/\/www.jscoaching.eu\/?page_id=11047"},"modified":"2021-07-07T17:50:37","modified_gmt":"2021-07-07T15:50:37","slug":"coaching-pour-les-hommes","status":"publish","type":"page","link":"https:\/\/www.jscoaching.eu\/fr\/coaching-pour-les-hommes\/","title":{"rendered":"COACHING POUR LES HOMMES"},"content":{"rendered":"<p>[vc_row][vc_column][dfd_spacer screen_wide_spacer_size=&#8221;80&#8243; screen_normal_resolution=&#8221;1024&#8243; screen_tablet_resolution=&#8221;800&#8243; screen_mobile_resolution=&#8221;480&#8243; screen_normal_spacer_size=&#8221;80&#8243; screen_tablet_spacer_size=&#8221;40&#8243; screen_mobile_spacer_size=&#8221;20&#8243;][\/vc_column][\/vc_row][vc_row dfd_row_responsive_enable=&#8221;dfd-row-responsive-enable&#8221; css=&#8221;.vc_custom_1625672938595{background-position: center !important;background-repeat: no-repeat !important;background-size: contain !important;}&#8221; responsive_styles=&#8221;margin_left_mobile:15|margin_right_mobile:15|border_left_mobile:15|border_right_mobile:15|padding_left_mobile:15|padding_right_mobile:15&#8243;][vc_column col_shadow=&#8221;box_shadow_enable:disable|shadow_horizontal:0|shadow_vertical:15|shadow_blur:50|shadow_spread:0|box_shadow_color:rgba(0%2C0%2C0%2C0.35)&#8221; col_shadow_hover=&#8221;box_shadow_enable:disable|shadow_horizontal:0|shadow_vertical:15|shadow_blur:50|shadow_spread:0|box_shadow_color:rgba(0%2C0%2C0%2C0.35)&#8221; css=&#8221;.vc_custom_1620323384259{background-image: url(https:\/\/www.jscoaching.eu\/wp-content\/uploads\/2021\/05\/MAN-COACHING-1.png?id=11347) !important;}&#8221;][dfd_spacer screen_wide_spacer_size=&#8221;40&#8243; screen_normal_resolution=&#8221;1024&#8243; screen_tablet_resolution=&#8221;800&#8243; screen_mobile_resolution=&#8221;480&#8243; screen_normal_spacer_size=&#8221;40&#8243; screen_tablet_spacer_size=&#8221;20&#8243; screen_mobile_spacer_size=&#8221;10&#8243;][vc_column_text item_animation=&#8221;transition.grow&#8221; css=&#8221;.vc_custom_1620323414309{padding-right: 20px !important;padding-left: 20px !important;}&#8221;]<\/p>\n<p style=\"text-align: center;\"><span style=\"font-weight: 400; color: #000000;\">Pour moi, la masculinit\u00e9 n\u2019a jamais \u00e9t\u00e9 une \u00e9vidence. Et j\u2019ai remarqu\u00e9 que c\u2019est \u00e9galement le cas pour beaucoup d\u2019hommes actuellement. Bien qu\u2019il soit d\u2019une importance capitale, ce sujet est, \u00e0 mon avis, beaucoup trop rarement abord\u00e9. Beaucoup d\u2019hommes vivent leur vie sans avoir une vision claire ce que c\u2019est pour eux d\u2019<strong>\u00eatre un homme<\/strong> !\u00a0<\/span><\/p>\n<p style=\"text-align: center;\"><span style=\"font-weight: 400; color: #000000;\">Le f\u00e9minisme et les mouvements de lib\u00e9ration des femmes ont engendr\u00e9 des <strong>changements tr\u00e8s profonds<\/strong> dans notre soci\u00e9t\u00e9 et dans notre inconscient collectif. Les d\u00e9finitions de la masculinit\u00e9 et de la f\u00e9minit\u00e9 et la vision du r\u00f4le des hommes et des femmes qui pr\u00e9valaient jusqu\u2019\u00e0 il y a peu sont remises en question dans leur essence. Le patriarcat, qui r\u00e9gnait depuis environ 5 000 ans, fait place \u00e0 autre chose&#8230; mais quoi ? Personne ne le sait. Ni les femmes ni les hommes. Ce processus a \u00e9t\u00e9 initi\u00e9 principalement par les femmes, et si nous voulons r\u00e9tablir clart\u00e9 et harmonie entre les sexes, il est urgent que les hommes participent !<\/span><\/p>\n<p style=\"text-align: center;\"><span style=\"font-weight: 400; color: #000000;\">Qu\u2019est-ce que cela signifie sur le plan personnel pour nous, les hommes ? Cela signifie assumer la <strong>responsabilit\u00e9 de sa masculinit\u00e9<\/strong>. Cela signifie arr\u00eater de faire l\u2019autruche et se poser clairement la question : suis-je satisfait et \u00e9panoui en tant qu\u2019homme\u00a0? Quelle est ma contribution au monde en tant qu\u2019homme\u00a0? Qu\u2019est-ce qui fait ma sp\u00e9cificit\u00e9 ? Qu\u2019est-ce qui me diff\u00e9rencie fondamentalement des femmes ? Je crois fermement que les femmes et les hommes sont compl\u00e9mentaires, ne sont pas les m\u00eames et ne jouent pas le m\u00eame r\u00f4le. Un homme en qu\u00eate de sens et d&#8217;orientation dans sa vie ne peut pas \u00e9viter la question de la masculinit\u00e9.<\/span><\/p>\n<p>[\/vc_column_text][dfd_spacer screen_wide_spacer_size=&#8221;40&#8243; screen_normal_resolution=&#8221;1024&#8243; screen_tablet_resolution=&#8221;800&#8243; screen_mobile_resolution=&#8221;480&#8243; screen_normal_spacer_size=&#8221;40&#8243; screen_tablet_spacer_size=&#8221;20&#8243; screen_mobile_spacer_size=&#8221;10&#8243;][\/vc_column][\/vc_row][vc_row][vc_column dfd_column_responsive_enable=&#8221;dfd-column-responsive-enable&#8221; col_shadow=&#8221;box_shadow_enable:disable|shadow_horizontal:0|shadow_vertical:15|shadow_blur:50|shadow_spread:0|box_shadow_color:rgba(0%2C0%2C0%2C0.35)&#8221; col_shadow_hover=&#8221;box_shadow_enable:disable|shadow_horizontal:0|shadow_vertical:15|shadow_blur:50|shadow_spread:0|box_shadow_color:rgba(0%2C0%2C0%2C0.35)&#8221; responsive_styles=&#8221;margin_left_mobile:15|margin_right_mobile:15|border_left_mobile:15|border_right_mobile:15|padding_left_mobile:15|padding_right_mobile:15&#8243;][dfd_spacer screen_wide_spacer_size=&#8221;80&#8243; screen_normal_resolution=&#8221;1024&#8243; screen_tablet_resolution=&#8221;800&#8243; screen_mobile_resolution=&#8221;480&#8243; screen_normal_spacer_size=&#8221;80&#8243; screen_tablet_spacer_size=&#8221;50&#8243; screen_mobile_spacer_size=&#8221;50&#8243;][dfd_heading subtitle=&#8221;&#8221; content_alignment=&#8221;text-left&#8221; module_animation=&#8221;transition.slideLeftBigIn&#8221; enable_delimiter=&#8221;&#8221; undefined=&#8221;&#8221; title_font_options=&#8221;tag:h3|color:%23495269|letter_spacing:10|font_style_bold:1&#8243; subtitle_font_options=&#8221;tag:div&#8221; title_responsive=&#8221;font_size_mobile:25|letter_spacing_mobile:5&#8243;]<strong>Probl\u00e8mes et questionnements possibles<\/strong>[\/dfd_heading][\/vc_column][\/vc_row][vc_row][vc_column width=&#8221;2\/3&#8243; dfd_column_responsive_enable=&#8221;dfd-column-responsive-enable&#8221; css=&#8221;.vc_custom_1625672994683{padding-right: 35px !important;}&#8221; col_shadow=&#8221;box_shadow_enable:disable|shadow_horizontal:0|shadow_vertical:15|shadow_blur:50|shadow_spread:0|box_shadow_color:rgba(0%2C0%2C0%2C0.35)&#8221; col_shadow_hover=&#8221;box_shadow_enable:disable|shadow_horizontal:0|shadow_vertical:15|shadow_blur:50|shadow_spread:0|box_shadow_color:rgba(0%2C0%2C0%2C0.35)&#8221; responsive_styles=&#8221;margin_left_mobile:15|margin_right_mobile:15|border_left_mobile:15|border_right_mobile:15|padding_left_mobile:15|padding_right_mobile:15&#8243;][dfd_spacer screen_wide_spacer_size=&#8221;30&#8243; screen_normal_resolution=&#8221;1024&#8243; screen_tablet_resolution=&#8221;800&#8243; screen_mobile_resolution=&#8221;480&#8243; screen_normal_spacer_size=&#8221;30&#8243; screen_tablet_spacer_size=&#8221;10&#8243; screen_mobile_spacer_size=&#8221;10&#8243;][dfd_icon_list module_animation=&#8221;transition.slideLeftBigIn&#8221; list_fields=&#8221;%5B%7B%22icon_type%22%3A%22selector%22%2C%22select_icon%22%3A%22dfd_icons%22%2C%22ic_dfd_icons%22%3A%22dfd-socicon-arrow-right%22%2C%22text_content%22%3A%22Qu%E2%80%99est-ce%20que%20%C3%A7a%20veut%20dire%20pour%20moi%20d%E2%80%99%C3%AAtre%20un%20homme%20%3F%20Je%20veux%20ressentir%20ma%20masculinit%C3%A9%2Fma%20virilit%C3%A9.%20Qu%E2%80%99est-ce%20que%20la%20masculinit%C3%A9%20%3F%22%7D%2C%7B%22icon_type%22%3A%22selector%22%2C%22select_icon%22%3A%22dfd_icons%22%2C%22ic_dfd_icons%22%3A%22dfd-socicon-arrow-right%22%2C%22text_content%22%3A%22Quelle%20est%20ma%20mission%20dans%20la%20vie%20(en%20tant%20qu%E2%80%99homme)%20%3F%20Quelle%20est%20ma%20contribution%20%3F%22%7D%2C%7B%22icon_type%22%3A%22selector%22%2C%22select_icon%22%3A%22dfd_icons%22%2C%22ic_dfd_icons%22%3A%22dfd-socicon-arrow-right%22%2C%22text_content%22%3A%22J&#8217;ai%20envie%20de%20nature%20sauvage%2C%20d&#8217;aventure%2C%20de%20conqu%C3%AAtes%20h%C3%A9ro%C3%AFques&#8230;%20o%C3%B9%20se%20trouve%20tout%20cela%20dans%20ma%20vie%20%3F%20Comment%20puis-je%20le%20vivre%20%3F%22%7D%2C%7B%22icon_type%22%3A%22selector%22%2C%22select_icon%22%3A%22dfd_icons%22%2C%22ic_dfd_icons%22%3A%22dfd-socicon-arrow-right%22%2C%22text_content%22%3A%22Je%20me%20sens%20%C3%A9mascul%C3%A9%20par%20la%20soci%C3%A9t%C3%A9%20de%20consommation%2C%20l%E2%80%99industrie%20du%20divertissement%20etc.%20Comment%20puis-je%20me%20r%C3%A9aliser%20en%20tant%20qu%E2%80%99homme%20dans%20ce%20contexte%20%3F%22%7D%2C%7B%22icon_type%22%3A%22selector%22%2C%22select_icon%22%3A%22dfd_icons%22%2C%22ic_dfd_icons%22%3A%22dfd-socicon-arrow-right%22%2C%22text_content%22%3A%22Je%20veux%20avoir%20le%20sentiment%20que%20ce%20que%20je%20fais%20compte%20vraiment%2C%20fait%20une%20diff%C3%A9rence%20et%20est%20d%E2%80%99une%20importance%20vitale%20pour%20moi%2C%20pour%20mes%20proches%20et%20pour%20le%20monde.%20Mais%20dans%20ma%20vie%20de%20tous%20les%20jours%2C%20je%20n&#8217;en%20fais%20pas%20l&#8217;exp%C3%A9rience.%20Je%20me%20sens%20parfois%20inutile.%22%7D%2C%7B%22icon_type%22%3A%22selector%22%2C%22select_icon%22%3A%22dfd_icons%22%2C%22ic_dfd_icons%22%3A%22dfd-socicon-arrow-right%22%2C%22text_content%22%3A%22Tout%20le%20monde%20me%20dit%20que%20je%20suis%20%5C%22sympa%5C%22%2C%20mais%20honn%C3%AAtement%2C%20je%20pr%C3%A9f%C3%A8rerais%20%C3%AAtre%20sauvage%2C%20brut%2C%20dangereux%20et%20plus%20respect%C3%A9.%20O%C3%B9%20est%20la%20solution%20%3F%22%7D%2C%7B%22icon_type%22%3A%22selector%22%2C%22select_icon%22%3A%22dfd_icons%22%2C%22ic_dfd_icons%22%3A%22dfd-socicon-arrow-right%22%2C%22text_content%22%3A%22Pour%20les%20femmes%2C%20je%20suis%20toujours%20le%20pote%20gentil%2C%20le%20confident%20%C3%A0%20qui%20on%20dit%20tout%2C%20mais%20%C3%A7a%20en%20reste%20l%C3%A0.%20Franchement%2C%20je%20pr%C3%A9f%C3%A8rerais%20presque%20%C3%AAtre%20un%20%5C%22gros%20macho%5C%22%20qui%20les%20fait%20fantasmer%20sexuellement.%20Y%20a-t-il%20un%20juste%20milieu%20%3F%22%7D%2C%7B%22icon_type%22%3A%22selector%22%2C%22select_icon%22%3A%22dfd_icons%22%2C%22ic_dfd_icons%22%3A%22dfd-socicon-arrow-right%22%2C%22text_content%22%3A%22Je%20me%20sens%20castr%C3%A9%20par%20les%20f%C3%A9ministes%20ou%20les%20femmes%20tr%C3%A8s%20s%C3%BBres%20d%E2%80%98elles.%20J%E2%80%99ai%20l%E2%80%99impression%20que%20les%20femmes%20gagnent%20de%20plus%20en%20plus%20de%20pouvoir%20et%20de%20contr%C3%B4le%20et%20que%20je%20ne%20peux%20plus%20m%E2%80%99exprimer%20en%20tant%20qu%E2%80%99homme.%22%7D%2C%7B%22icon_type%22%3A%22selector%22%2C%22select_icon%22%3A%22dfd_icons%22%2C%22ic_dfd_icons%22%3A%22dfd-socicon-arrow-right%22%2C%22text_content%22%3A%22J%E2%80%99ai%20l%E2%80%99impression%20qu%E2%80%99%C3%A0%20la%20maison%20et%20dans%20mon%20travail%2C%20on%20attend%20de%20moi%20que%20je%20sois%20sage%20et%20que%20je%20ne%20fasse%20pas%20de%20vagues.%20Donc%20je%20suis%20sage%2C%20et%20mon%20feu%20int%C3%A9rieur%20s%E2%80%99%C3%A9teint%20lentement&#8230;%22%7D%2C%7B%22icon_type%22%3A%22selector%22%2C%22select_icon%22%3A%22dfd_icons%22%2C%22ic_dfd_icons%22%3A%22dfd-socicon-arrow-right%22%2C%22text_content%22%3A%22Comment%20puis-je%20canaliser%20mon%20agressivit%C3%A9%20et%20mon%20%C3%A9nergie%20de%20mani%C3%A8re%20constructive%20%3F%22%7D%2C%7B%22icon_type%22%3A%22selector%22%2C%22select_icon%22%3A%22dfd_icons%22%2C%22ic_dfd_icons%22%3A%22dfd-socicon-arrow-right%22%2C%22text_content%22%3A%22Je%20ne%20suis%20pas%20en%20contact%20avec%20mes%20%C3%A9motions.%20On%20m&#8217;a%20appris%20qu&#8217;un%20homme%2C%20%C3%A7a%20ne%20pleure%20pas%2C%20et%20que%20l&#8217;expression%20d&#8217;%C3%A9motions%20est%20un%20signe%20de%20faiblesse.%20J%E2%80%99ai%20r%C3%A9prim%C3%A9%20mes%20besoins%20et%20je%20veux%20me%20lib%C3%A9rer.%22%7D%5D&#8221; main_style=&#8221;style-1&#8243; font_options=&#8221;tag:div|font_size:15&#8243; icon_color=&#8221;#b9d4da&#8221;][\/vc_column][vc_column width=&#8221;1\/3&#8243; dfd_column_responsive_enable=&#8221;dfd-column-responsive-enable&#8221; col_shadow=&#8221;box_shadow_enable:disable|shadow_horizontal:0|shadow_vertical:15|shadow_blur:50|shadow_spread:0|box_shadow_color:rgba(0%2C0%2C0%2C0.35)&#8221; col_shadow_hover=&#8221;box_shadow_enable:disable|shadow_horizontal:0|shadow_vertical:15|shadow_blur:50|shadow_spread:0|box_shadow_color:rgba(0%2C0%2C0%2C0.35)&#8221; responsive_styles=&#8221;margin_top_mobile:15|margin_left_mobile:15|margin_right_mobile:15|border_top_mobile:15|border_left_mobile:15|border_right_mobile:15|padding_top_mobile:15|padding_left_mobile:15|padding_right_mobile:15&#8243;][dfd_spacer screen_wide_spacer_size=&#8221;30&#8243; screen_normal_resolution=&#8221;1024&#8243; screen_tablet_resolution=&#8221;800&#8243; screen_mobile_resolution=&#8221;480&#8243; screen_normal_spacer_size=&#8221;30&#8243; screen_tablet_spacer_size=&#8221;10&#8243; screen_mobile_spacer_size=&#8221;10&#8243;][dfd_single_image image_alignment=&#8221;image-right&#8221; module_animation=&#8221;transition.slideRightBigIn&#8221; image=&#8221;11744&#8243;][\/vc_column][\/vc_row][vc_row][vc_column][dfd_spacer screen_wide_spacer_size=&#8221;100&#8243; screen_normal_resolution=&#8221;1024&#8243; screen_tablet_resolution=&#8221;800&#8243; screen_mobile_resolution=&#8221;480&#8243; screen_normal_spacer_size=&#8221;100&#8243; screen_tablet_spacer_size=&#8221;80&#8243; screen_mobile_spacer_size=&#8221;70&#8243;][\/vc_column][\/vc_row]<\/p>\n","protected":false},"excerpt":{"rendered":"<p>[vc_row][vc_column][dfd_spacer screen_wide_spacer_size=&#8221;80&#8243; screen_normal_resolution=&#8221;1024&#8243; screen_tablet_resolution=&#8221;800&#8243; screen_mobile_resolution=&#8221;480&#8243; screen_normal_spacer_size=&#8221;80&#8243; screen_tablet_spacer_size=&#8221;40&#8243; screen_mobile_spacer_size=&#8221;20&#8243;][\/vc_column][\/vc_row][vc_row dfd_row_responsive_enable=&#8221;dfd-row-responsive-enable&#8221; css=&#8221;.vc_custom_1625672938595{background-position: center !important;background-repeat: no-repeat !important;background-size: contain !important;}&#8221; responsive_styles=&#8221;margin_left_mobile:15|margin_right_mobile:15|border_left_mobile:15|border_right_mobile:15|padding_left_mobile:15|padding_right_mobile:15&#8243;][vc_column col_shadow=&#8221;box_shadow_enable:disable|shadow_horizontal:0|shadow_vertical:15|shadow_blur:50|shadow_spread:0|box_shadow_color:rgba(0%2C0%2C0%2C0.35)&#8221; col_shadow_hover=&#8221;box_shadow_enable:disable|shadow_horizontal:0|shadow_vertical:15|shadow_blur:50|shadow_spread:0|box_shadow_color:rgba(0%2C0%2C0%2C0.35)&#8221; css=&#8221;.vc_custom_1620323384259{background-image: url(https:\/\/www.jscoaching.eu\/wp-content\/uploads\/2021\/05\/MAN-COACHING-1.png?id=11347) !important;}&#8221;][dfd_spacer screen_wide_spacer_size=&#8221;40&#8243; screen_normal_resolution=&#8221;1024&#8243; screen_tablet_resolution=&#8221;800&#8243; screen_mobile_resolution=&#8221;480&#8243; screen_normal_spacer_size=&#8221;40&#8243; screen_tablet_spacer_size=&#8221;20&#8243; screen_mobile_spacer_size=&#8221;10&#8243;][vc_column_text item_animation=&#8221;transition.grow&#8221;<\/p>\n","protected":false},"author":1,"featured_media":0,"parent":0,"menu_order":7,"comment_status":"closed","ping_status":"closed","template":"","meta":[],"yoast_head":"<!-- This site is optimized with the Yoast SEO plugin v16.6.1 - https:\/\/yoast.com\/wordpress\/plugins\/seo\/ -->\n<title>COACHING POUR LES HOMMES - Julien Saun\u00e9 Coaching<\/title>\n<meta name=\"robots\" content=\"index, follow, max-snippet:-1, max-image-preview:large, max-video-preview:-1\" \/>\n<link rel=\"canonical\" href=\"https:\/\/www.jscoaching.eu\/fr\/coaching-pour-les-hommes\/\" \/>\n<meta property=\"og:locale\" content=\"fr_FR\" \/>\n<meta property=\"og:type\" content=\"article\" \/>\n<meta property=\"og:title\" content=\"COACHING POUR LES HOMMES - Julien Saun\u00e9 Coaching\" \/>\n<meta property=\"og:description\" content=\"[vc_row][vc_column][dfd_spacer screen_wide_spacer_size=&#8221;80&#8243; screen_normal_resolution=&#8221;1024&#8243; screen_tablet_resolution=&#8221;800&#8243; screen_mobile_resolution=&#8221;480&#8243; screen_normal_spacer_size=&#8221;80&#8243; screen_tablet_spacer_size=&#8221;40&#8243; screen_mobile_spacer_size=&#8221;20&#8243;][\/vc_column][\/vc_row][vc_row dfd_row_responsive_enable=&#8221;dfd-row-responsive-enable&#8221; css=&#8221;.vc_custom_1625672938595{background-position: center !important;background-repeat: no-repeat !important;background-size: contain !important;}&#8221; responsive_styles=&#8221;margin_left_mobile:15|margin_right_mobile:15|border_left_mobile:15|border_right_mobile:15|padding_left_mobile:15|padding_right_mobile:15&#8243;][vc_column col_shadow=&#8221;box_shadow_enable:disable|shadow_horizontal:0|shadow_vertical:15|shadow_blur:50|shadow_spread:0|box_shadow_color:rgba(0%2C0%2C0%2C0.35)&#8221; col_shadow_hover=&#8221;box_shadow_enable:disable|shadow_horizontal:0|shadow_vertical:15|shadow_blur:50|shadow_spread:0|box_shadow_color:rgba(0%2C0%2C0%2C0.35)&#8221; css=&#8221;.vc_custom_1620323384259{background-image: url(https:\/\/www.jscoaching.eu\/wp-content\/uploads\/2021\/05\/MAN-COACHING-1.png?id=11347) !important;}&#8221;][dfd_spacer screen_wide_spacer_size=&#8221;40&#8243; screen_normal_resolution=&#8221;1024&#8243; screen_tablet_resolution=&#8221;800&#8243; screen_mobile_resolution=&#8221;480&#8243; screen_normal_spacer_size=&#8221;40&#8243; screen_tablet_spacer_size=&#8221;20&#8243; screen_mobile_spacer_size=&#8221;10&#8243;][vc_column_text item_animation=&#8221;transition.grow&#8221;\" \/>\n<meta property=\"og:url\" content=\"https:\/\/www.jscoaching.eu\/coaching-pour-les-hommes\/\" \/>\n<meta property=\"og:site_name\" content=\"Julien Saun\u00e9 Coaching\" \/>\n<meta property=\"article:modified_time\" content=\"2021-07-07T15:50:37+00:00\" \/>\n<meta name=\"twitter:card\" content=\"summary_large_image\" \/>\n<meta name=\"twitter:label1\" content=\"Dur\u00e9e de lecture est.\" \/>\n\t<meta name=\"twitter:data1\" content=\"2 minutes\" \/>\n<script type=\"application\/ld+json\" class=\"yoast-schema-graph\">{\"@context\":\"https:\/\/schema.org\",\"@graph\":[{\"@type\":\"WebSite\",\"@id\":\"https:\/\/www.jscoaching.eu\/#website\",\"url\":\"https:\/\/www.jscoaching.eu\/\",\"name\":\"Julien Saun\\u00e9 Coaching\",\"description\":\"\",\"potentialAction\":[{\"@type\":\"SearchAction\",\"target\":{\"@type\":\"EntryPoint\",\"urlTemplate\":\"https:\/\/www.jscoaching.eu\/?s={search_term_string}\"},\"query-input\":\"required name=search_term_string\"}],\"inLanguage\":\"fr-FR\"},{\"@type\":\"WebPage\",\"@id\":\"https:\/\/www.jscoaching.eu\/coaching-pour-les-hommes\/#webpage\",\"url\":\"https:\/\/www.jscoaching.eu\/coaching-pour-les-hommes\/\",\"name\":\"COACHING POUR LES HOMMES - Julien Saun\\u00e9 Coaching\",\"isPartOf\":{\"@id\":\"https:\/\/www.jscoaching.eu\/#website\"},\"datePublished\":\"2021-01-16T18:49:14+00:00\",\"dateModified\":\"2021-07-07T15:50:37+00:00\",\"breadcrumb\":{\"@id\":\"https:\/\/www.jscoaching.eu\/coaching-pour-les-hommes\/#breadcrumb\"},\"inLanguage\":\"fr-FR\",\"potentialAction\":[{\"@type\":\"ReadAction\",\"target\":[\"https:\/\/www.jscoaching.eu\/coaching-pour-les-hommes\/\"]}]},{\"@type\":\"BreadcrumbList\",\"@id\":\"https:\/\/www.jscoaching.eu\/coaching-pour-les-hommes\/#breadcrumb\",\"itemListElement\":[{\"@type\":\"ListItem\",\"position\":1,\"name\":\"Accueil\",\"item\":\"https:\/\/www.jscoaching.eu\/fr\/\"},{\"@type\":\"ListItem\",\"position\":2,\"name\":\"COACHING POUR LES HOMMES\"}]}]}<\/script>\n<!-- \/ Yoast SEO plugin. -->","_links":{"self":[{"href":"https:\/\/www.jscoaching.eu\/fr\/wp-json\/wp\/v2\/pages\/11047"}],"collection":[{"href":"https:\/\/www.jscoaching.eu\/fr\/wp-json\/wp\/v2\/pages"}],"about":[{"href":"https:\/\/www.jscoaching.eu\/fr\/wp-json\/wp\/v2\/types\/page"}],"author":[{"embeddable":true,"href":"https:\/\/www.jscoaching.eu\/fr\/wp-json\/wp\/v2\/users\/1"}],"replies":[{"embeddable":true,"href":"https:\/\/www.jscoaching.eu\/fr\/wp-json\/wp\/v2\/comments?post=11047"}],"version-history":[{"count":15,"href":"https:\/\/www.jscoaching.eu\/fr\/wp-json\/wp\/v2\/pages\/11047\/revisions"}],"predecessor-version":[{"id":12751,"href":"https:\/\/www.jscoaching.eu\/fr\/wp-json\/wp\/v2\/pages\/11047\/revisions\/12751"}],"wp:attachment":[{"href":"https:\/\/www.jscoaching.eu\/fr\/wp-json\/wp\/v2\/media?parent=11047"}],"curies":[{"name":"wp","href":"https:\/\/api.w.org\/{rel}","templated":true}]}}