{"id":11329,"date":"2021-05-06T18:31:37","date_gmt":"2021-05-06T16:31:37","guid":{"rendered":"https:\/\/www.jscoaching.eu\/?page_id=11329"},"modified":"2021-07-07T17:56:05","modified_gmt":"2021-07-07T15:56:05","slug":"business-coaching-interculturel","status":"publish","type":"page","link":"https:\/\/www.jscoaching.eu\/fr\/business-coaching-interculturel\/","title":{"rendered":"BUSINESS COACHING INTERCULTUREL"},"content":{"rendered":"<p>[vc_row css=&#8221;.vc_custom_1613683559304{margin-bottom: -20px !important;padding-right: 20px !important;}&#8221;][vc_column][dfd_spacer screen_wide_spacer_size=&#8221;80&#8243; screen_normal_resolution=&#8221;1024&#8243; screen_tablet_resolution=&#8221;800&#8243; screen_mobile_resolution=&#8221;480&#8243; screen_normal_spacer_size=&#8221;80&#8243; screen_tablet_spacer_size=&#8221;40&#8243; screen_mobile_spacer_size=&#8221;20&#8243;][\/vc_column][\/vc_row][vc_row dfd_row_responsive_enable=&#8221;dfd-row-responsive-enable&#8221; css=&#8221;.vc_custom_1625673292667{background-position: center !important;background-repeat: no-repeat !important;background-size: contain !important;}&#8221; responsive_styles=&#8221;margin_left_mobile:15|margin_right_mobile:15|border_left_mobile:15|border_right_mobile:15|padding_left_mobile:15|padding_right_mobile:15&#8243;][vc_column col_shadow=&#8221;box_shadow_enable:disable|shadow_horizontal:0|shadow_vertical:15|shadow_blur:50|shadow_spread:0|box_shadow_color:rgba(0%2C0%2C0%2C0.35)&#8221; col_shadow_hover=&#8221;box_shadow_enable:disable|shadow_horizontal:0|shadow_vertical:15|shadow_blur:50|shadow_spread:0|box_shadow_color:rgba(0%2C0%2C0%2C0.35)&#8221; css=&#8221;.vc_custom_1620322783607{background-image: url(https:\/\/www.jscoaching.eu\/wp-content\/uploads\/2021\/05\/BUSINESS-COACHING-3.png?id=11340) !important;background-position: center !important;background-repeat: no-repeat !important;background-size: cover !important;}&#8221;][vc_column_text item_animation=&#8221;transition.grow&#8221; css=&#8221;.vc_custom_1614114761729{padding-top: 30px !important;padding-right: 20px !important;padding-left: 20px !important;}&#8221;]<\/p>\n<p style=\"text-align: center;\"><span style=\"font-weight: 400;\">J\u2019ai travaill\u00e9 dans plusieurs pays, dans plusieurs langues, et pratiquement toujours dans un contexte international. En particulier, j\u2019ai eu l\u2019occasion de me familiariser avec les d\u00e9fis de la coop\u00e9ration entre <strong>Fran\u00e7ais<\/strong>, <strong>Allemands<\/strong> et <strong>Britanniques<\/strong>. J\u2019ai souvent fait le constat que peu d\u2019efforts \u00e9taient entrepris pour comprendre les malentendus culturels qui surgissent in\u00e9vitablement et pour mettre les diff\u00e9rentes nationalit\u00e9s sur la m\u00eame longueur d\u2019onde. Dans bien des cas, des objectifs financiers de court terme sont mis en priorit\u00e9 alors m\u00eame que les bases d\u2019une coop\u00e9ration fructueuse entre les diff\u00e9rentes parties prenantes ne sont pas pr\u00e9sentes.\u00a0<\/span><\/p>\n<p style=\"text-align: center;\"><span style=\"font-weight: 400;\">L\u00e0 encore, mon approche g\u00e9n\u00e9rale reste la m\u00eame que dans les autres types de coaching\u00a0: <strong>centr\u00e9e sur la personne et ses propres ressources<\/strong>. Ma valeur ajout\u00e9e ne sera pas tant de vous apporter des savoirs suppl\u00e9mentaires sur telle ou telle culture, que de m\u2019appuyer sur mon exp\u00e9rience pour vous aider \u00e0 vous poser les bonnes questions, auxquelles vous trouverez <strong>vos propres r\u00e9ponses<\/strong>.\u00a0 <\/span><\/p>\n<p>[\/vc_column_text][dfd_spacer screen_wide_spacer_size=&#8221;40&#8243; screen_normal_resolution=&#8221;1024&#8243; screen_tablet_resolution=&#8221;800&#8243; screen_mobile_resolution=&#8221;480&#8243; screen_normal_spacer_size=&#8221;40&#8243; screen_tablet_spacer_size=&#8221;20&#8243; screen_mobile_spacer_size=&#8221;10&#8243;][\/vc_column][\/vc_row][vc_row][vc_column dfd_column_responsive_enable=&#8221;dfd-column-responsive-enable&#8221; col_shadow=&#8221;box_shadow_enable:disable|shadow_horizontal:0|shadow_vertical:15|shadow_blur:50|shadow_spread:0|box_shadow_color:rgba(0%2C0%2C0%2C0.35)&#8221; col_shadow_hover=&#8221;box_shadow_enable:disable|shadow_horizontal:0|shadow_vertical:15|shadow_blur:50|shadow_spread:0|box_shadow_color:rgba(0%2C0%2C0%2C0.35)&#8221; responsive_styles=&#8221;margin_left_mobile:15|margin_right_mobile:15|border_left_mobile:15|border_right_mobile:15|padding_left_mobile:15|padding_right_mobile:15&#8243;][dfd_spacer screen_wide_spacer_size=&#8221;80&#8243; screen_normal_resolution=&#8221;1024&#8243; screen_tablet_resolution=&#8221;800&#8243; screen_mobile_resolution=&#8221;480&#8243; screen_normal_spacer_size=&#8221;80&#8243; screen_tablet_spacer_size=&#8221;50&#8243; screen_mobile_spacer_size=&#8221;50&#8243; tutorials=&#8221;&#8221;][dfd_heading subtitle=&#8221;&#8221; content_alignment=&#8221;text-left&#8221; module_animation=&#8221;transition.slideLeftBigIn&#8221; enable_delimiter=&#8221;&#8221; undefined=&#8221;&#8221; title_font_options=&#8221;tag:h3|color:%23495269|letter_spacing:10|font_style_bold:1&#8243; subtitle_font_options=&#8221;tag:div&#8221; tutorials=&#8221;&#8221; title_responsive=&#8221;font_size_mobile:25|letter_spacing_mobile:5&#8243;]<strong>Probl\u00e8mes et questionnements possibles<\/strong>[\/dfd_heading][\/vc_column][\/vc_row][vc_row][vc_column width=&#8221;2\/3&#8243; dfd_column_responsive_enable=&#8221;dfd-column-responsive-enable&#8221; css=&#8221;.vc_custom_1625673363154{padding-right: 35px !important;}&#8221; col_shadow=&#8221;box_shadow_enable:disable|shadow_horizontal:0|shadow_vertical:15|shadow_blur:50|shadow_spread:0|box_shadow_color:rgba(0%2C0%2C0%2C0.35)&#8221; col_shadow_hover=&#8221;box_shadow_enable:disable|shadow_horizontal:0|shadow_vertical:15|shadow_blur:50|shadow_spread:0|box_shadow_color:rgba(0%2C0%2C0%2C0.35)&#8221; responsive_styles=&#8221;margin_left_mobile:15|margin_right_mobile:15|border_left_mobile:15|border_right_mobile:15|padding_left_mobile:15|padding_right_mobile:15&#8243;][dfd_spacer screen_wide_spacer_size=&#8221;30&#8243; screen_normal_resolution=&#8221;1024&#8243; screen_tablet_resolution=&#8221;800&#8243; screen_mobile_resolution=&#8221;480&#8243; screen_normal_spacer_size=&#8221;30&#8243; screen_tablet_spacer_size=&#8221;10&#8243; screen_mobile_spacer_size=&#8221;10&#8243;][dfd_icon_list module_animation=&#8221;transition.slideLeftBigIn&#8221; list_fields=&#8221;%5B%7B%22icon_type%22%3A%22selector%22%2C%22select_icon%22%3A%22dfd_icons%22%2C%22ic_dfd_icons%22%3A%22dfd-socicon-arrow-right%22%2C%22text_content%22%3A%22Coop%C3%A9ration%20entre%20une%20filiale%20et%20sa%20soci%C3%A9t%C3%A9%20m%C3%A8re%20dans%20un%20autre%20pays.%22%7D%2C%7B%22icon_type%22%3A%22selector%22%2C%22select_icon%22%3A%22dfd_icons%22%2C%22ic_dfd_icons%22%3A%22dfd-socicon-arrow-right%22%2C%22text_content%22%3A%22En%20tant%20que%20soci%C3%A9t%C3%A9%20m%C3%A8re%2C%20quelle%20est%20la%20meilleure%20fa%C3%A7on%20d%E2%80%99aborder%20mes%20filiales%20%C3%A0%20l%E2%80%99%C3%A9tranger%20pour%20qu%E2%80%99elles%20se%20sentent%20comprises%20et%20communiquent%20ouvertement%20%3F%22%7D%2C%7B%22icon_type%22%3A%22selector%22%2C%22select_icon%22%3A%22dfd_icons%22%2C%22ic_dfd_icons%22%3A%22dfd-socicon-arrow-right%22%2C%22text_content%22%3A%22Coop%C3%A9ration%20au%20sein%20de%20joint-ventures%20nternationales.%22%7D%2C%7B%22icon_type%22%3A%22selector%22%2C%22select_icon%22%3A%22dfd_icons%22%2C%22ic_dfd_icons%22%3A%22dfd-socicon-arrow-right%22%2C%22text_content%22%3A%22Coop%C3%A9ration%20au%20sein%20d%E2%80%99%C3%A9quipes%20internationales.%22%7D%2C%7B%22icon_type%22%3A%22selector%22%2C%22select_icon%22%3A%22dfd_icons%22%2C%22ic_dfd_icons%22%3A%22dfd-socicon-arrow-right%22%2C%22text_content%22%3A%22Comment%20me%20comporter%20pour%20que%20mes%20besoins%20soient%20pris%20en%20compte%20par%20mes%20coll%C3%A8gues%2Fclients%2Ffournisseurs%20%C3%A9trangers%20et%20qu%E2%80%99il%20n%E2%80%99y%20ait%20pas%20de%20malentendus%20%3F%22%7D%2C%7B%22icon_type%22%3A%22selector%22%2C%22select_icon%22%3A%22dfd_icons%22%2C%22ic_dfd_icons%22%3A%22dfd-socicon-arrow-right%22%2C%22text_content%22%3A%22Comment%20me%20comporter%20avec%20mes%20coll%C3%A8gues%2Fclients%2Ffournisseurs%20%C3%A9trangers%20sans%20les%20offenser%2Fqu%E2%80%99ils%20r%C3%A9agissent%20de%20fa%C3%A7on%20agressive%2F%C3%A0%20ce%20qu%E2%80%99ils%20communiquent%20avec%20moi%20ouvertement%20%3F%20%22%7D%5D&#8221; main_style=&#8221;style-1&#8243; icon_color=&#8221;#b9d4da&#8221; font_options=&#8221;tag:div|font_size:15&#8243;][\/vc_column][vc_column width=&#8221;1\/3&#8243; dfd_column_responsive_enable=&#8221;dfd-column-responsive-enable&#8221; col_shadow=&#8221;box_shadow_enable:disable|shadow_horizontal:0|shadow_vertical:15|shadow_blur:50|shadow_spread:0|box_shadow_color:rgba(0%2C0%2C0%2C0.35)&#8221; col_shadow_hover=&#8221;box_shadow_enable:disable|shadow_horizontal:0|shadow_vertical:15|shadow_blur:50|shadow_spread:0|box_shadow_color:rgba(0%2C0%2C0%2C0.35)&#8221; responsive_styles=&#8221;margin_top_mobile:15|margin_left_mobile:15|margin_right_mobile:15|border_top_mobile:15|border_left_mobile:15|border_right_mobile:15|padding_top_mobile:15|padding_left_mobile:15|padding_right_mobile:15&#8243;][dfd_spacer screen_wide_spacer_size=&#8221;30&#8243; screen_normal_resolution=&#8221;1024&#8243; screen_tablet_resolution=&#8221;800&#8243; screen_mobile_resolution=&#8221;480&#8243; screen_normal_spacer_size=&#8221;30&#8243; screen_tablet_spacer_size=&#8221;10&#8243; screen_mobile_spacer_size=&#8221;10&#8243;][dfd_single_image image_alignment=&#8221;image-right&#8221; module_animation=&#8221;transition.slideRightBigIn&#8221; image=&#8221;11768&#8243;][\/vc_column][\/vc_row][vc_row][vc_column][dfd_spacer screen_wide_spacer_size=&#8221;100&#8243; screen_normal_resolution=&#8221;1024&#8243; screen_tablet_resolution=&#8221;800&#8243; screen_mobile_resolution=&#8221;480&#8243; screen_normal_spacer_size=&#8221;100&#8243; screen_tablet_spacer_size=&#8221;80&#8243; screen_mobile_spacer_size=&#8221;70&#8243;][\/vc_column][\/vc_row]<\/p>\n","protected":false},"excerpt":{"rendered":"<p>[vc_row css=&#8221;.vc_custom_1613683559304{margin-bottom: -20px !important;padding-right: 20px !important;}&#8221;][vc_column][dfd_spacer screen_wide_spacer_size=&#8221;80&#8243; screen_normal_resolution=&#8221;1024&#8243; screen_tablet_resolution=&#8221;800&#8243; screen_mobile_resolution=&#8221;480&#8243; screen_normal_spacer_size=&#8221;80&#8243; screen_tablet_spacer_size=&#8221;40&#8243; screen_mobile_spacer_size=&#8221;20&#8243;][\/vc_column][\/vc_row][vc_row dfd_row_responsive_enable=&#8221;dfd-row-responsive-enable&#8221; css=&#8221;.vc_custom_1625673292667{background-position: center !important;background-repeat: no-repeat !important;background-size: contain !important;}&#8221; responsive_styles=&#8221;margin_left_mobile:15|margin_right_mobile:15|border_left_mobile:15|border_right_mobile:15|padding_left_mobile:15|padding_right_mobile:15&#8243;][vc_column col_shadow=&#8221;box_shadow_enable:disable|shadow_horizontal:0|shadow_vertical:15|shadow_blur:50|shadow_spread:0|box_shadow_color:rgba(0%2C0%2C0%2C0.35)&#8221; col_shadow_hover=&#8221;box_shadow_enable:disable|shadow_horizontal:0|shadow_vertical:15|shadow_blur:50|shadow_spread:0|box_shadow_color:rgba(0%2C0%2C0%2C0.35)&#8221; css=&#8221;.vc_custom_1620322783607{background-image: url(https:\/\/www.jscoaching.eu\/wp-content\/uploads\/2021\/05\/BUSINESS-COACHING-3.png?id=11340) !important;background-position: center !important;background-repeat: no-repeat<\/p>\n","protected":false},"author":1,"featured_media":0,"parent":0,"menu_order":6,"comment_status":"closed","ping_status":"closed","template":"","meta":[],"yoast_head":"<!-- This site is optimized with the Yoast SEO plugin v16.6.1 - https:\/\/yoast.com\/wordpress\/plugins\/seo\/ -->\n<title>BUSINESS COACHING INTERCULTUREL - Julien Saun\u00e9 Coaching<\/title>\n<meta name=\"robots\" content=\"index, follow, max-snippet:-1, max-image-preview:large, max-video-preview:-1\" \/>\n<link rel=\"canonical\" href=\"https:\/\/www.jscoaching.eu\/fr\/business-coaching-interculturel\/\" \/>\n<meta property=\"og:locale\" content=\"fr_FR\" \/>\n<meta property=\"og:type\" content=\"article\" \/>\n<meta property=\"og:title\" content=\"BUSINESS COACHING INTERCULTUREL - Julien Saun\u00e9 Coaching\" \/>\n<meta property=\"og:description\" content=\"[vc_row css=&#8221;.vc_custom_1613683559304{margin-bottom: -20px !important;padding-right: 20px !important;}&#8221;][vc_column][dfd_spacer screen_wide_spacer_size=&#8221;80&#8243; screen_normal_resolution=&#8221;1024&#8243; screen_tablet_resolution=&#8221;800&#8243; screen_mobile_resolution=&#8221;480&#8243; screen_normal_spacer_size=&#8221;80&#8243; screen_tablet_spacer_size=&#8221;40&#8243; screen_mobile_spacer_size=&#8221;20&#8243;][\/vc_column][\/vc_row][vc_row dfd_row_responsive_enable=&#8221;dfd-row-responsive-enable&#8221; css=&#8221;.vc_custom_1625673292667{background-position: center !important;background-repeat: no-repeat !important;background-size: contain !important;}&#8221; responsive_styles=&#8221;margin_left_mobile:15|margin_right_mobile:15|border_left_mobile:15|border_right_mobile:15|padding_left_mobile:15|padding_right_mobile:15&#8243;][vc_column col_shadow=&#8221;box_shadow_enable:disable|shadow_horizontal:0|shadow_vertical:15|shadow_blur:50|shadow_spread:0|box_shadow_color:rgba(0%2C0%2C0%2C0.35)&#8221; col_shadow_hover=&#8221;box_shadow_enable:disable|shadow_horizontal:0|shadow_vertical:15|shadow_blur:50|shadow_spread:0|box_shadow_color:rgba(0%2C0%2C0%2C0.35)&#8221; css=&#8221;.vc_custom_1620322783607{background-image: url(https:\/\/www.jscoaching.eu\/wp-content\/uploads\/2021\/05\/BUSINESS-COACHING-3.png?id=11340) !important;background-position: center !important;background-repeat: no-repeat\" \/>\n<meta property=\"og:url\" content=\"https:\/\/www.jscoaching.eu\/business-coaching-interculturel\/\" \/>\n<meta property=\"og:site_name\" content=\"Julien Saun\u00e9 Coaching\" \/>\n<meta property=\"article:modified_time\" content=\"2021-07-07T15:56:05+00:00\" \/>\n<meta name=\"twitter:card\" content=\"summary_large_image\" \/>\n<meta name=\"twitter:label1\" content=\"Dur\u00e9e de lecture est.\" \/>\n\t<meta name=\"twitter:data1\" content=\"2 minutes\" \/>\n<script type=\"application\/ld+json\" class=\"yoast-schema-graph\">{\"@context\":\"https:\/\/schema.org\",\"@graph\":[{\"@type\":\"WebSite\",\"@id\":\"https:\/\/www.jscoaching.eu\/#website\",\"url\":\"https:\/\/www.jscoaching.eu\/\",\"name\":\"Julien Saun\\u00e9 Coaching\",\"description\":\"\",\"potentialAction\":[{\"@type\":\"SearchAction\",\"target\":{\"@type\":\"EntryPoint\",\"urlTemplate\":\"https:\/\/www.jscoaching.eu\/?s={search_term_string}\"},\"query-input\":\"required name=search_term_string\"}],\"inLanguage\":\"fr-FR\"},{\"@type\":\"WebPage\",\"@id\":\"https:\/\/www.jscoaching.eu\/business-coaching-interculturel\/#webpage\",\"url\":\"https:\/\/www.jscoaching.eu\/business-coaching-interculturel\/\",\"name\":\"BUSINESS COACHING INTERCULTUREL - Julien Saun\\u00e9 Coaching\",\"isPartOf\":{\"@id\":\"https:\/\/www.jscoaching.eu\/#website\"},\"datePublished\":\"2021-05-06T16:31:37+00:00\",\"dateModified\":\"2021-07-07T15:56:05+00:00\",\"breadcrumb\":{\"@id\":\"https:\/\/www.jscoaching.eu\/business-coaching-interculturel\/#breadcrumb\"},\"inLanguage\":\"fr-FR\",\"potentialAction\":[{\"@type\":\"ReadAction\",\"target\":[\"https:\/\/www.jscoaching.eu\/business-coaching-interculturel\/\"]}]},{\"@type\":\"BreadcrumbList\",\"@id\":\"https:\/\/www.jscoaching.eu\/business-coaching-interculturel\/#breadcrumb\",\"itemListElement\":[{\"@type\":\"ListItem\",\"position\":1,\"name\":\"Accueil\",\"item\":\"https:\/\/www.jscoaching.eu\/fr\/\"},{\"@type\":\"ListItem\",\"position\":2,\"name\":\"BUSINESS COACHING INTERCULTUREL\"}]}]}<\/script>\n<!-- \/ Yoast SEO plugin. -->","_links":{"self":[{"href":"https:\/\/www.jscoaching.eu\/fr\/wp-json\/wp\/v2\/pages\/11329"}],"collection":[{"href":"https:\/\/www.jscoaching.eu\/fr\/wp-json\/wp\/v2\/pages"}],"about":[{"href":"https:\/\/www.jscoaching.eu\/fr\/wp-json\/wp\/v2\/types\/page"}],"author":[{"embeddable":true,"href":"https:\/\/www.jscoaching.eu\/fr\/wp-json\/wp\/v2\/users\/1"}],"replies":[{"embeddable":true,"href":"https:\/\/www.jscoaching.eu\/fr\/wp-json\/wp\/v2\/comments?post=11329"}],"version-history":[{"count":10,"href":"https:\/\/www.jscoaching.eu\/fr\/wp-json\/wp\/v2\/pages\/11329\/revisions"}],"predecessor-version":[{"id":12256,"href":"https:\/\/www.jscoaching.eu\/fr\/wp-json\/wp\/v2\/pages\/11329\/revisions\/12256"}],"wp:attachment":[{"href":"https:\/\/www.jscoaching.eu\/fr\/wp-json\/wp\/v2\/media?parent=11329"}],"curies":[{"name":"wp","href":"https:\/\/api.w.org\/{rel}","templated":true}]}}